{"id":1005,"date":"2025-08-24T21:34:15","date_gmt":"2025-08-25T01:34:15","guid":{"rendered":"https:\/\/lasocha.org\/?page_id=1005"},"modified":"2025-09-14T22:25:37","modified_gmt":"2025-09-15T02:25:37","slug":"readinglist","status":"publish","type":"page","link":"https:\/\/lasocha.org\/es\/readinglist\/","title":{"rendered":"Lecturas sugeridas"},"content":{"rendered":"<div class=\"wpb-content-wrapper\"><div      class=\"vc_row wpb_row section vc_row-fluid  vc_custom_1601519512215\" style=' text-align:left;'><div class=\"full_section_inner clearfix\"><div class=\"wpb_column vc_column_container vc_col-sm-12\"><div class=\"vc_column-inner\"><div class=\"wpb_wrapper\"><div class=\"separator  normal\" style=\"margin-bottom: 30pxpx;background-color: #afafaf;\"><\/div>\n<\/div><\/div><\/div><div class=\"wpb_column vc_column_container vc_col-sm-12\"><div class=\"vc_column-inner\"><div class=\"wpb_wrapper\">\n\t<div class=\"wpb_text_column wpb_content_element\">\n\t\t<div class=\"wpb_wrapper\">\n\t\t\t<h3>Sugerencias de lectura<\/h3>\n\n\t\t<\/div> \n\t<\/div> \t<div class=\"vc_empty_space\"  style=\"height: 32px\" ><span\n\t\t\tclass=\"vc_empty_space_inner\">\n\t\t\t<span class=\"empty_space_image\"  ><\/span>\n\t\t<\/span><\/div>\n\n\n\t<div class=\"wpb_text_column wpb_content_element\">\n\t\t<div class=\"wpb_wrapper\">\n\t\t\t<p>Gracias por su inter\u00e9s en LASOCHA y por aprender m\u00e1s sobre la enfermedad de Chagas. A continuaci\u00f3n, encontrar\u00e1 algunas sugerencias de lectura. Encontrar\u00e1 m\u00e1s recursos en nuestra <strong><em><a href=\"https:\/\/lasocha.org\/es\/information-for-physicians\/\" target=\"_blank\" rel=\"noopener\">Informaci\u00f3n para proveedores m\u00e9dicos<\/a><\/em><\/strong> y <em><a href=\"https:\/\/lasocha.org\/es\/helpfullinks\/\" target=\"_blank\" rel=\"noopener\"><strong>Enlaces \u00fatiles<\/strong><\/a> <\/em>p\u00e1ginas.<\/p>\n<p>&nbsp;<\/p>\n<p><strong><a href=\"https:\/\/pmc.ncbi.nlm.nih.gov\/articles\/PMC9071346\/\">Recomendaciones para la detecci\u00f3n y el diagn\u00f3stico de la enfermedad de Chagas en Estados Unidos. J Infect Dis. 8 de octubre de 2021;225(9):1601\u20131610.<\/a><\/strong><\/p>\n<p>&nbsp;<\/p>\n<p><strong><a href=\"https:\/\/www.nejm.org\/doi\/10.1056\/NEJMoa1507574?url_ver=Z39.88-2003&amp;rfr_id=ori:rid:crossref.org&amp;rfr_dat=cr_pub%20%200www.ncbi.nlm.nih.gov\">Ensayo aleatorizado de benznidazol para la miocardiopat\u00eda chag\u00e1sica cr\u00f3nica. N Engl J Med. 2015;373:1295-1306.<\/a><\/strong><\/p>\n<p>&nbsp;<\/p>\n<p><strong><a href=\"https:\/\/www.ahajournals.org\/doi\/10.1161\/CIR.0000000000000599?url_ver=Z39.88-2003&amp;rfr_id=ori:rid:crossref.org&amp;rfr_dat=cr_pub%20%200pubmed\">Miocardiopat\u00eda Chag\u00e1sica: Actualizaci\u00f3n del conocimiento cl\u00ednico y su manejo: Declaraci\u00f3n cient\u00edfica de la Asociaci\u00f3n Americana del Coraz\u00f3n. Circulation. Volumen 138, n\u00famero 12.<\/a><\/strong><\/p>\n<p>&nbsp;<\/p>\n<p><strong><a href=\"https:\/\/pmc.ncbi.nlm.nih.gov\/articles\/PMC9239882\/\">Estimaciones y mapeo actualizados de la prevalencia de la enfermedad de Chagas en adultos, Estados Unidos. Emerg Infect Dis 2022 Jul;28(7):1313-1320.<\/a><\/strong><\/p>\n<p>&nbsp;<\/p>\n<p><strong><a href=\"https:\/\/www.paho.org\/en\/documents\/guidelines-diagnosis-and-treatment-chagas-disease\">Gu\u00edas para el diagn\u00f3stico y tratamiento de la enfermedad de Chagas. https:\/\/www.paho.org\/es\/documentos\/guias-diagnostico-y-tratamiento-enfermedad-de-chagas.<\/a><\/strong><\/p>\n<p>&nbsp;<\/p>\n<p><strong><a href=\"https:\/\/pubmed.ncbi.nlm.nih.gov\/30900295\/\">Protozoos tisulares y sangu\u00edneos, incluyendo toxoplasmosis, enfermedad de Chagas, leishmaniasis, Babesia, Acanthamoeba, Blamuthia y Naegleria en receptores de trasplantes de \u00f3rganos s\u00f3lidos. Gu\u00edas de la Comunidad de Pr\u00e1ctica de Enfermedades Infecciosas de la Sociedad Americana de Trasplantes. Trasplante Cl\u00ednico. 2019, 33:312546.<\/a><\/strong><\/p>\n\n\t\t<\/div> \n\t<\/div> <\/div><\/div><\/div><\/div><\/div>\n<\/div>","protected":false},"excerpt":{"rendered":"Sugerencias de lectura: Gracias por su inter\u00e9s en LASOCHA y en aprender m\u00e1s sobre la enfermedad de Chagas. A continuaci\u00f3n, encontrar\u00e1 algunas sugerencias de lectura. Encontrar\u00e1 m\u00e1s recursos en nuestras p\u00e1ginas de Informaci\u00f3n para profesionales m\u00e9dicos y Enlaces \u00fatiles. Recomendaciones para la detecci\u00f3n y el diagn\u00f3stico de la enfermedad de Chagas en...","protected":false},"author":6,"featured_media":0,"parent":0,"menu_order":0,"comment_status":"closed","ping_status":"closed","template":"","meta":{"footnotes":""},"class_list":["post-1005","page","type-page","status-publish","hentry"],"jetpack_sharing_enabled":true,"_links":{"self":[{"href":"https:\/\/lasocha.org\/es\/wp-json\/wp\/v2\/pages\/1005","targetHints":{"allow":["GET"]}}],"collection":[{"href":"https:\/\/lasocha.org\/es\/wp-json\/wp\/v2\/pages"}],"about":[{"href":"https:\/\/lasocha.org\/es\/wp-json\/wp\/v2\/types\/page"}],"author":[{"embeddable":true,"href":"https:\/\/lasocha.org\/es\/wp-json\/wp\/v2\/users\/6"}],"replies":[{"embeddable":true,"href":"https:\/\/lasocha.org\/es\/wp-json\/wp\/v2\/comments?post=1005"}],"version-history":[{"count":11,"href":"https:\/\/lasocha.org\/es\/wp-json\/wp\/v2\/pages\/1005\/revisions"}],"predecessor-version":[{"id":1051,"href":"https:\/\/lasocha.org\/es\/wp-json\/wp\/v2\/pages\/1005\/revisions\/1051"}],"wp:attachment":[{"href":"https:\/\/lasocha.org\/es\/wp-json\/wp\/v2\/media?parent=1005"}],"curies":[{"name":"wp","href":"https:\/\/api.w.org\/{rel}","templated":true}]}}