{"id":17,"date":"2020-09-09T23:21:31","date_gmt":"2020-09-09T23:21:31","guid":{"rendered":"https:\/\/lasocha.org\/?page_id=17"},"modified":"2025-09-01T19:24:42","modified_gmt":"2025-09-01T23:24:42","slug":"information-for-patients","status":"publish","type":"page","link":"https:\/\/lasocha.org\/es\/information-for-patients\/","title":{"rendered":"Informaci\u00f3n para pacientes"},"content":{"rendered":"<div class=\"wpb-content-wrapper\"><div      class=\"vc_row wpb_row section vc_row-fluid  vc_custom_1600719118489\" style=' text-align:left;'><div class=\"full_section_inner clearfix\"><div class=\"wpb_column vc_column_container vc_col-sm-12\"><div class=\"vc_column-inner\"><div class=\"wpb_wrapper\"><div class=\"separator  normal\" style=\"margin-bottom: 30pxpx;background-color: #afafaf;\"><\/div>\n<\/div><\/div><\/div><\/div><\/div><div      class=\"vc_row wpb_row section vc_row-fluid\" style=' text-align:left;'><div class=\"full_section_inner clearfix\"><div class=\"wpb_column vc_column_container vc_col-sm-12\"><div class=\"vc_column-inner\"><div class=\"wpb_wrapper\">\n\t<div class=\"wpb_text_column wpb_content_element\">\n\t\t<div class=\"wpb_wrapper\">\n\t\t\t<h3>Informaci\u00f3n para pacientes<\/h3>\n<p>&nbsp;<\/p>\n<h1>\u00bfC\u00f3mo puedo saber si tengo la enfermedad de Chagas?<\/h1>\n<p>&nbsp;<\/p>\n<p><em><span style=\"font-weight: 300; font-size: 21px;\">Un simple an\u00e1lisis de sangre puede ayudarte a saber si tienes la enfermedad de Chagas<\/span><\/em><\/p>\n<p>&nbsp;<\/p>\n<p><span style=\"font-weight: 600; font-size: 21px;\">Es recomendable someterse a pruebas de detecci\u00f3n de la enfermedad de Chagas si alguna vez ha vivido en M\u00e9xico, Am\u00e9rica Central o Am\u00e9rica del Sur y especialmente si creci\u00f3 en \u00e1reas rurales de estos pa\u00edses donde puede haber vivido en casas hechas de barro, adobe u otros materiales similares. Tambi\u00e9n es importante hacerse la prueba si usted es de estas \u00e1reas y tiene alguno de los s\u00edntomas de la enfermedad de Chagas cr\u00f3nica.<\/span><\/p>\n\n\t\t<\/div> \n\t<\/div> <div      class=\"vc_row wpb_row section vc_row-fluid vc_inner\" style=' text-align:left;'><div class=\"full_section_inner clearfix\"><div class=\"wpb_column vc_column_container vc_col-sm-6\"><div class=\"vc_column-inner\"><div class=\"wpb_wrapper\">\n\t<div class=\"wpb_text_column wpb_content_element\">\n\t\t<div class=\"wpb_wrapper\">\n\t\t\t<p><span style=\"font-weight: 400;\"><br \/>\nLas mujeres que est\u00e1n embarazadas o pueden quedar embarazadas deben hacerse la prueba de la enfermedad de Chagas porque pueden transmitir la enfermedad a sus hijos. Si el resultado de la prueba de Chagas de su madre es positiva, es importante que usted y sus hermanos tambi\u00e9n se hagan la prueba.<\/span><\/p>\n\n\t\t<\/div> \n\t<\/div> <\/div><\/div><\/div><div class=\"wpb_column vc_column_container vc_col-sm-6\"><div class=\"vc_column-inner\"><div class=\"wpb_wrapper\">\n\t<div class=\"wpb_text_column wpb_content_element\">\n\t\t<div class=\"wpb_wrapper\">\n\t\t\t<p><span style=\"font-weight: 400;\">Las pruebas para detectar la enfermedad de Chagas requieren un an\u00e1lisis de sangre. Muchos m\u00e9dicos no tienen experiencia con la enfermedad de Chagas y pueden no ofrecer la prueba de forma rutinaria. Si desea hacerse la prueba de detecci\u00f3n de la enfermedad de Chagas, debe hablar con su m\u00e9dico acerca de las opciones de prueba disponibles, o <strong><em><a href=\"https:\/\/lasocha.org\/es\/contact\/\" target=\"_blank\" rel=\"noopener\">no dude en comunicarse con nosotros<\/a><\/em> <\/strong><\/span><span style=\"font-weight: 400;\">para obtener orientaci\u00f3n y recomendaciones.<\/span><\/p>\n\n\t\t<\/div> \n\t<\/div> <\/div><\/div><\/div><\/div><\/div><\/div><\/div><\/div><\/div><\/div><div      class=\"vc_row wpb_row section vc_row-fluid  vc_custom_1599706011258\" style=' text-align:left;'><div class=\"full_section_inner clearfix\"><div class=\"wpb_column vc_column_container vc_col-sm-12\"><div class=\"vc_column-inner\"><div class=\"wpb_wrapper\"><div class=\"separator  normal\" style=\"margin-bottom: 30pxpx;background-color: #afafaf;\"><\/div>\n<\/div><\/div><\/div><\/div><\/div><div      class=\"vc_row wpb_row section vc_row-fluid\" style=' text-align:left;'><div class=\"full_section_inner clearfix\"><div class=\"wpb_column vc_column_container vc_col-sm-8\"><div class=\"vc_column-inner\"><div class=\"wpb_wrapper\">\n\t<div class=\"wpb_text_column wpb_content_element\">\n\t\t<div class=\"wpb_wrapper\">\n\t\t\t<h1>\u00bfQu\u00e9 hacer si tengo la enfermedad de Chagas?<\/h1>\n<p>&nbsp;<\/p>\n<p><span style=\"font-weight: 400;\"><strong>El tratamiento para la enfermedad de Chagas est\u00e1 disponible.<\/strong> Hay dos medicamento aprobado por la FDA, Benznidazole o Nifurtimox. Si le diagnostican la enfermedad de Chagas, debe analizar las opciones de tratamiento con su m\u00e9dico. Tambi\u00e9n puede consultar a un especialista en enfermedades infecciosas para analizar las opciones de tratamiento. Si tiene una enfermedad card\u00edaca por la enfermedad de Chagas cr\u00f3nica, es posible que su condici\u00f3n tambi\u00e9n deba ser tratada por un especialista card\u00edaco.<\/span><\/p>\n<p>&nbsp;<\/p>\n<p><span style=\"font-weight: 400;\">Muchas personas que descubren que tienen la enfermedad de Chagas en los Estados Unidos tienen dificultades para encontrar un m\u00e9dico que tenga experiencia en el cuidado de pacientes con Chagas. Esto se debe en parte a que a los m\u00e9dicos que se capacitan en los Estados Unidos a menudo se les ense\u00f1a que las personas con esta enfermedad viven en Am\u00e9rica Latina y que no se encuentra en los Estados Unidos. Debido a esto, es posible que no sepan c\u00f3mo obtener las pruebas de confirmaci\u00f3n que necesita o c\u00f3mo tratar mejor esta enfermedad. Puede imprimir o enviar este documento de la OPS <em>(<a href=\"https:\/\/iris.paho.org\/bitstream\/handle\/10665.2\/49653\/9789275320433_spa.pdf?sequence=9&amp;isAllowed=y\" target=\"_blank\" rel=\"noopener\">Espa\u00f1ol<\/a>, <a href=\"https:\/\/iris.paho.org\/bitstream\/handle\/10665.2\/49653\/9789275120439_eng.pdf?sequence=6&amp;isAllowed=y\" target=\"_blank\" rel=\"noopener\">Ingl\u00e9s<\/a>)<\/em> a su m\u00e9dico para que tenga m\u00e1s informaci\u00f3n sobre esta enfermedad. Adem\u00e1s, puede comunicarse con nosotros si tiene alguna pregunta o necesita ayuda para encontrar un m\u00e9dico que pueda atenderlo.<\/span><\/p>\n\n\t\t<\/div> \n\t<\/div> \t<div class=\"vc_empty_space\"  style=\"height: 16px\" ><span\n\t\t\tclass=\"vc_empty_space_inner\">\n\t\t\t<span class=\"empty_space_image\"  ><\/span>\n\t\t<\/span><\/div>\n\n<\/div><\/div><\/div><div class=\"wpb_column vc_column_container vc_col-sm-4\"><div class=\"vc_column-inner\"><div class=\"wpb_wrapper\">\n\t<div class=\"wpb_single_image wpb_content_element vc_align_left\">\n\t\t<div class=\"wpb_wrapper\">\n\t\t\t\n\t\t\t<div class=\"vc_single_image-wrapper   vc_box_border_grey\"><img fetchpriority=\"high\" decoding=\"async\" width=\"503\" height=\"753\" src=\"https:\/\/lasocha.org\/wp-content\/uploads\/2020\/09\/chagas-pared.jpg\" class=\"vc_single_image-img attachment-full\" alt=\"\" title=\"enfermedad de chagas\" srcset=\"https:\/\/lasocha.org\/wp-content\/uploads\/2020\/09\/chagas-pared.jpg 503w, https:\/\/lasocha.org\/wp-content\/uploads\/2020\/09\/chagas-pared-200x300.jpg 200w\" sizes=\"(max-width: 503px) 100vw, 503px\" \/><\/div>\n\t\t<\/div>\n\t<\/div>\n\t<div class=\"vc_empty_space\"  style=\"height: 16px\" ><span\n\t\t\tclass=\"vc_empty_space_inner\">\n\t\t\t<span class=\"empty_space_image\"  ><\/span>\n\t\t<\/span><\/div>\n\n<\/div><\/div><\/div><\/div><\/div><div      class=\"vc_row wpb_row section vc_row-fluid\" style=' text-align:left;'><div class=\"full_section_inner clearfix\"><div class=\"wpb_column vc_column_container vc_col-sm-12\"><div class=\"vc_column-inner\"><div class=\"wpb_wrapper\"><div class=\"separator  normal\" style=\"margin-bottom: 30pxpx;background-color: #afafaf;\"><\/div>\n\t<div class=\"vc_empty_space\"  style=\"height: 16px\" ><span\n\t\t\tclass=\"vc_empty_space_inner\">\n\t\t\t<span class=\"empty_space_image\"  ><\/span>\n\t\t<\/span><\/div>\n\n\n\t<div class=\"wpb_text_column wpb_content_element\">\n\t\t<div class=\"wpb_wrapper\">\n\t\t\t<h3>Folleto de informaci\u00f3n para el paciente<\/h3>\n<h5>(Haga clic en las im\u00e1genes para abrir enlaces imprimibles)<\/h5>\n\n\t\t<\/div> \n\t<\/div> \t<div class=\"vc_empty_space\"  style=\"height: 8px\" ><span\n\t\t\tclass=\"vc_empty_space_inner\">\n\t\t\t<span class=\"empty_space_image\"  ><\/span>\n\t\t<\/span><\/div>\n\n<\/div><\/div><\/div><\/div><\/div><div      class=\"vc_row wpb_row section vc_row-fluid  vc_custom_1599706011258\" style=' text-align:left;'><div class=\"full_section_inner clearfix\"><div class=\"wpb_column vc_column_container vc_col-sm-6\"><div class=\"vc_column-inner\"><div class=\"wpb_wrapper\">\n\t<div class=\"wpb_single_image wpb_content_element vc_align_left\">\n\t\t<div class=\"wpb_wrapper\">\n\t\t\t\n\t\t\t<a href=\"https:\/\/lasocha.org\/wp-content\/uploads\/2024\/10\/Chagas1final10-24.pdf\" target=\"_blank\"><div class=\"vc_single_image-wrapper   vc_box_border_grey\"><img decoding=\"async\" width=\"1024\" height=\"796\" src=\"https:\/\/lasocha.org\/wp-content\/uploads\/2024\/10\/Chagas1final10-24-1024x796.jpg\" class=\"vc_single_image-img attachment-large\" alt=\"\" title=\"Chagas1final10-24\" srcset=\"https:\/\/lasocha.org\/wp-content\/uploads\/2024\/10\/Chagas1final10-24-1024x796.jpg 1024w, https:\/\/lasocha.org\/wp-content\/uploads\/2024\/10\/Chagas1final10-24-300x233.jpg 300w, https:\/\/lasocha.org\/wp-content\/uploads\/2024\/10\/Chagas1final10-24-768x597.jpg 768w, https:\/\/lasocha.org\/wp-content\/uploads\/2024\/10\/Chagas1final10-24-1536x1195.jpg 1536w, https:\/\/lasocha.org\/wp-content\/uploads\/2024\/10\/Chagas1final10-24-2048x1593.jpg 2048w, https:\/\/lasocha.org\/wp-content\/uploads\/2024\/10\/Chagas1final10-24-15x12.jpg 15w, https:\/\/lasocha.org\/wp-content\/uploads\/2024\/10\/Chagas1final10-24-700x544.jpg 700w\" sizes=\"(max-width: 1024px) 100vw, 1024px\" \/><\/div><\/a>\n\t\t<\/div>\n\t<\/div>\n\t<div class=\"vc_empty_space\"  style=\"height: 8px\" ><span\n\t\t\tclass=\"vc_empty_space_inner\">\n\t\t\t<span class=\"empty_space_image\"  ><\/span>\n\t\t<\/span><\/div>\n\n<\/div><\/div><\/div><div class=\"wpb_column vc_column_container vc_col-sm-6\"><div class=\"vc_column-inner\"><div class=\"wpb_wrapper\">\n\t<div class=\"wpb_single_image wpb_content_element vc_align_left\">\n\t\t<div class=\"wpb_wrapper\">\n\t\t\t\n\t\t\t<a href=\"https:\/\/lasocha.org\/wp-content\/uploads\/2024\/10\/Chagas2final10-24-scaled.jpg\" target=\"_blank\"><div class=\"vc_single_image-wrapper   vc_box_border_grey\"><img decoding=\"async\" width=\"1024\" height=\"796\" src=\"https:\/\/lasocha.org\/wp-content\/uploads\/2024\/10\/Chagas2final10-24-1024x796.jpg\" class=\"vc_single_image-img attachment-large\" alt=\"\" title=\"Chagas2final10-24\" srcset=\"https:\/\/lasocha.org\/wp-content\/uploads\/2024\/10\/Chagas2final10-24-1024x796.jpg 1024w, https:\/\/lasocha.org\/wp-content\/uploads\/2024\/10\/Chagas2final10-24-300x233.jpg 300w, https:\/\/lasocha.org\/wp-content\/uploads\/2024\/10\/Chagas2final10-24-768x597.jpg 768w, https:\/\/lasocha.org\/wp-content\/uploads\/2024\/10\/Chagas2final10-24-1536x1195.jpg 1536w, https:\/\/lasocha.org\/wp-content\/uploads\/2024\/10\/Chagas2final10-24-2048x1593.jpg 2048w, https:\/\/lasocha.org\/wp-content\/uploads\/2024\/10\/Chagas2final10-24-15x12.jpg 15w, https:\/\/lasocha.org\/wp-content\/uploads\/2024\/10\/Chagas2final10-24-700x544.jpg 700w\" sizes=\"(max-width: 1024px) 100vw, 1024px\" \/><\/div><\/a>\n\t\t<\/div>\n\t<\/div>\n\t<div class=\"vc_empty_space\"  style=\"height: 32px\" ><span\n\t\t\tclass=\"vc_empty_space_inner\">\n\t\t\t<span class=\"empty_space_image\"  ><\/span>\n\t\t<\/span><\/div>\n\n<\/div><\/div><\/div><\/div><\/div><div      class=\"vc_row wpb_row section vc_row-fluid\" style=' text-align:left;'><div class=\"full_section_inner clearfix\"><div class=\"wpb_column vc_column_container vc_col-sm-12\"><div class=\"vc_column-inner\"><div class=\"wpb_wrapper\"><div class=\"separator  normal\" style=\"margin-bottom: 30pxpx;background-color: #afafaf;\"><\/div>\n\n\t<div class=\"wpb_text_column wpb_content_element\">\n\t\t<div class=\"wpb_wrapper\">\n\t\t\t<h1><em><a href=\"https:\/\/lasocha.org\/es\/resources-patients\/\">Haga clic en este enlace para obtener m\u00e1s informaci\u00f3n sobre la enfermedad de Chagas\u00a0<\/a><\/em><\/h1>\n\n\t\t<\/div> \n\t<\/div> <div class=\"separator  normal\" style=\"margin-bottom: 30pxpx;background-color: #afafaf;\"><\/div>\n<\/div><\/div><\/div><\/div><\/div><div      class=\"vc_row wpb_row section vc_row-fluid\" style=' text-align:left;'><div class=\"full_section_inner clearfix\"><div class=\"wpb_column vc_column_container vc_col-sm-12\"><div class=\"vc_column-inner\"><div class=\"wpb_wrapper\">\n\t<div class=\"wpb_text_column wpb_content_element  vc_custom_1674076444568\">\n\t\t<div class=\"wpb_wrapper\">\n\t\t\t<h2>Usted no se encuentra solo, \u00fanase a la Red de Pacientes.<\/h2>\n<p><strong>Una de las metas de LASOCHA es concientizar a la comunidad en riesgo. Es importante recordar que no est\u00e1s solo. Por eso, nos gustar\u00eda que se una a nuestra red de pacientes y se mantenga conectado. Al convertirse en parte de la creciente familia LASOCHA, se le brindar\u00e1 la informaci\u00f3n m\u00e1s reciente sobre la enfermedad de Chagas en los Estados Unidos. Adem\u00e1s, puede conectarse con otros miembros de la red para intercambiar experiencias y brindar apoyo. \u00a1Luchemos juntos contra la enfermedad de Chagas!<\/strong><\/p>\n<p>&nbsp;<\/p>\n\n<div class=\"wpcf7 no-js\" id=\"wpcf7-f137-o1\" lang=\"en-US\" dir=\"ltr\" data-wpcf7-id=\"137\">\n<div class=\"screen-reader-response\"><p role=\"status\" aria-live=\"polite\" aria-atomic=\"true\"><\/p> <ul><\/ul><\/div>\n<form action=\"\/es\/wp-json\/wp\/v2\/pages\/17#wpcf7-f137-o1\" method=\"post\" class=\"wpcf7-form init cf7_custom_style_2\" aria-label=\"Formulario de contacto\" novalidate=\"novalidate\" data-status=\"init\" data-trp-original-action=\"\/es\/wp-json\/wp\/v2\/pages\/17#wpcf7-f137-o1\">\n<div style=\"display: none;\">\n<input type=\"hidden\" name=\"_wpcf7\" value=\"137\" \/>\n<input type=\"hidden\" name=\"_wpcf7_version\" value=\"6.0.6\" \/>\n<input type=\"hidden\" name=\"_wpcf7_locale\" value=\"en_US\" \/>\n<input type=\"hidden\" name=\"_wpcf7_unit_tag\" value=\"wpcf7-f137-o1\" \/>\n<input type=\"hidden\" name=\"_wpcf7_container_post\" value=\"0\" \/>\n<input type=\"hidden\" name=\"_wpcf7_posted_data_hash\" value=\"\" \/>\n<\/div>\n<p><span class=\"wpcf7-form-control-wrap\" data-name=\"text-102\"><input size=\"40\" maxlength=\"400\" class=\"wpcf7-form-control wpcf7-text wpcf7-validates-as-required\" aria-required=\"true\" aria-invalid=\"false\" placeholder=\"Nombre completo*\" value=\"\" type=\"text\" name=\"text-102\" \/><\/span><span class=\"wpcf7-form-control-wrap\" data-name=\"email-948\"><input size=\"40\" maxlength=\"400\" class=\"wpcf7-form-control wpcf7-email wpcf7-validates-as-required wpcf7-text wpcf7-validates-as-email\" aria-required=\"true\" aria-invalid=\"false\" placeholder=\"Correo electr\u00f3nico*\" value=\"\" type=\"email\" name=\"email-948\" \/><\/span><input class=\"wpcf7-form-control wpcf7-submit has-spinner\" type=\"submit\" value=\"Enviar\" \/>\n<\/p><p style=\"display: none !important;\"><label>&#916;<textarea name=\"_wpcf7_ak_hp_textarea\" cols=\"45\" rows=\"8\" maxlength=\"100\"><\/textarea><\/label><input type=\"hidden\" id=\"ak_js_1\" name=\"_wpcf7_ak_js\" value=\"31\"\/><script>document.getElementById( \"ak_js_1\" ).setAttribute( \"value\", ( new Date() ).getTime() );<\/script><\/p><input type='hidden' class='wpcf7-pum' value='{\"closepopup\":false,\"closedelay\":0,\"openpopup\":false,\"openpopup_id\":0}' \/><div class=\"wpcf7-response-output\" aria-hidden=\"true\"><\/div>\n<input type=\"hidden\" name=\"trp-form-language\" value=\"es\"\/><\/form>\n<\/div>\n\n\n\t\t<\/div> \n\t<\/div> <\/div><\/div><\/div><\/div><\/div><div      class=\"vc_row wpb_row section vc_row-fluid  vc_custom_1599706011258\" style=' text-align:left;'><div class=\"full_section_inner clearfix\"><div class=\"wpb_column vc_column_container vc_col-sm-12\"><div class=\"vc_column-inner\"><div class=\"wpb_wrapper\"><div class=\"separator  normal\" style=\"margin-bottom: 30pxpx;background-color: #afafaf;\"><\/div>\n<\/div><\/div><\/div><\/div><\/div><div      class=\"vc_row wpb_row section vc_row-fluid\" style=' text-align:left;'><div class=\"full_section_inner clearfix\"><div class=\"wpb_column vc_column_container vc_col-sm-3\"><div class=\"vc_column-inner\"><div class=\"wpb_wrapper\">\n\t<div class=\"wpb_single_image wpb_content_element vc_align_left\">\n\t\t<div class=\"wpb_wrapper\">\n\t\t\t\n\t\t\t<a href=\"\/es\/physician-finder\/\" target=\"_self\"><div class=\"vc_single_image-wrapper   vc_box_border_grey\"><img loading=\"lazy\" decoding=\"async\" width=\"186\" height=\"174\" src=\"https:\/\/lasocha.org\/wp-content\/uploads\/2023\/09\/providerpiccropped3.jpeg\" class=\"vc_single_image-img attachment-full\" alt=\"\" title=\"proveedorpiccropped3\" srcset=\"https:\/\/lasocha.org\/wp-content\/uploads\/2023\/09\/providerpiccropped3.jpeg 186w, https:\/\/lasocha.org\/wp-content\/uploads\/2023\/09\/providerpiccropped3-13x12.jpeg 13w\" sizes=\"(max-width: 186px) 100vw, 186px\" \/><\/div><\/a>\n\t\t<\/div>\n\t<\/div>\n\t<div class=\"vc_empty_space\"  style=\"height: 45px\" ><span\n\t\t\tclass=\"vc_empty_space_inner\">\n\t\t\t<span class=\"empty_space_image\"  ><\/span>\n\t\t<\/span><\/div>\n\n<\/div><\/div><\/div><div class=\"wpb_column vc_column_container vc_col-sm-9\"><div class=\"vc_column-inner\"><div class=\"wpb_wrapper\">\n\t<div class=\"wpb_text_column wpb_content_element\">\n\t\t<div class=\"wpb_wrapper\">\n\t\t\t<h3><a href=\"\/es\/physician-finder\/\"><u><em>Buscador de m\u00e9dicos<\/em><\/u><\/a><\/h3>\n<p><a href=\"\/es\/physician-finder\/\"><span style=\"font-weight: 400;\">LASOCHA se enorgullece de ofrecer recursos para encontrar un m\u00e9dico calificado que analizara el diagn\u00f3stico de la enfermedad de Chagas con usted. Haga clic aqu\u00ed.<\/span><\/a><\/p>\n\n\t\t<\/div> \n\t<\/div> <\/div><\/div><\/div><\/div><\/div>\n<\/div>","protected":false},"excerpt":{"rendered":"Informaci\u00f3n para pacientes \u00bfC\u00f3mo puedo saber si tengo la enfermedad de Chagas? Un simple an\u00e1lisis de sangre puede ayudarte a saber si tienes la enfermedad de Chagas. Debe hacerse la prueba de la enfermedad de Chagas si alguna vez ha vivido en M\u00e9xico, Centro...","protected":false},"author":1,"featured_media":0,"parent":0,"menu_order":0,"comment_status":"closed","ping_status":"closed","template":"","meta":{"footnotes":""},"class_list":["post-17","page","type-page","status-publish","hentry"],"jetpack_sharing_enabled":true,"_links":{"self":[{"href":"https:\/\/lasocha.org\/es\/wp-json\/wp\/v2\/pages\/17","targetHints":{"allow":["GET"]}}],"collection":[{"href":"https:\/\/lasocha.org\/es\/wp-json\/wp\/v2\/pages"}],"about":[{"href":"https:\/\/lasocha.org\/es\/wp-json\/wp\/v2\/types\/page"}],"author":[{"embeddable":true,"href":"https:\/\/lasocha.org\/es\/wp-json\/wp\/v2\/users\/1"}],"replies":[{"embeddable":true,"href":"https:\/\/lasocha.org\/es\/wp-json\/wp\/v2\/comments?post=17"}],"version-history":[{"count":45,"href":"https:\/\/lasocha.org\/es\/wp-json\/wp\/v2\/pages\/17\/revisions"}],"predecessor-version":[{"id":1026,"href":"https:\/\/lasocha.org\/es\/wp-json\/wp\/v2\/pages\/17\/revisions\/1026"}],"wp:attachment":[{"href":"https:\/\/lasocha.org\/es\/wp-json\/wp\/v2\/media?parent=17"}],"curies":[{"name":"wp","href":"https:\/\/api.w.org\/{rel}","templated":true}]}}