{"id":25,"date":"2020-09-09T23:23:08","date_gmt":"2020-09-09T23:23:08","guid":{"rendered":"https:\/\/lasocha.org\/?page_id=25"},"modified":"2024-10-02T07:17:02","modified_gmt":"2024-10-02T11:17:02","slug":"contact","status":"publish","type":"page","link":"https:\/\/lasocha.org\/es\/contact\/","title":{"rendered":"Contacto"},"content":{"rendered":"<div class=\"wpb-content-wrapper\"><div      class=\"vc_row wpb_row section vc_row-fluid  vc_custom_1601186162203\" style=' text-align:left;'><div class=\"full_section_inner clearfix\"><div class=\"wpb_column vc_column_container vc_col-sm-12\"><div class=\"vc_column-inner\"><div class=\"wpb_wrapper\"><div class=\"separator  normal\" style=\"margin-bottom: 30pxpx;background-color: #afafaf;\"><\/div>\n<\/div><\/div><\/div><\/div><\/div><div      class=\"vc_row wpb_row section vc_row-fluid\" style=' text-align:left;'><div class=\"full_section_inner clearfix\"><div class=\"wpb_column vc_column_container vc_col-sm-4\"><div class=\"vc_column-inner\"><div class=\"wpb_wrapper\">\n\t<div class=\"wpb_text_column wpb_content_element\">\n\t\t<div class=\"wpb_wrapper\">\n\t\t\t<h3>Por favor complete el formulario para contactarnos.<\/h3>\n<p>&nbsp;<\/p>\n<p>Tambi\u00e9n puede comunicarse con nosotros por tel\u00e9fono:<\/p>\n<p>&nbsp;<\/p>\n<p class=\"p1\"><strong>Jenny S\u00e1nchez, Presidenta:<\/strong><\/p>\n<p class=\"p1\">703.655.8246<\/p>\n<p class=\"p1\"><strong>Dra. Rachel Marcus, directora m\u00e9dica:<\/strong><\/p>\n<p class=\"p1\">202.236.9385<\/p>\n<p>&nbsp;<\/p>\n<p>LASOCHA<br \/>\nAtenci\u00f3n al cliente de Virginia Registered Agent Services LLC<br \/>\n8401 Mayland Dr., calle V<br \/>\nRichmond, Virginia 23294<\/p>\n<p>&nbsp;<\/p>\n<p>&nbsp;<\/p>\n<p>&nbsp;<\/p>\n<p>&nbsp;<\/p>\n<p>\u00a1S\u00edganos para mantenerse actualizado!<\/p>\n\n\t\t<\/div> \n\t<\/div> <span class='q_social_icon_holder circle_social' data-color=\"#333333\" data-hover-background-color=\"#333333\" data-hover-border-color=\"#f5f5f1\" data-hover-color=\"#4cd995\"><a itemprop='url' href='https:\/\/www.facebook.com\/lasocha.org\/' target='_self'><span class='fa-stack fa-3x' style='background-color: #f5f5f1;border-color: #333333;border-width: 2px;'><i class=\"qode_icon_font_awesome fa fa-facebook\" style=\"color: #333333;\" ><\/i><\/span><\/a><\/span><span class='q_social_icon_holder circle_social' data-color=\"#333333\" data-hover-background-color=\"#333333\" data-hover-border-color=\"#f5f5f1\" data-hover-color=\"#4cd995\"><a itemprop='url' href='https:\/\/twitter.com\/lasochaorg' target='_self'><span class='fa-stack fa-3x' style='background-color: #f5f5f1;border-color: #333333;border-width: 2px;'><i class=\"qode_icon_font_awesome fa fa-twitter\" style=\"color: #333333;\" ><\/i><\/span><\/a><\/span><span class='q_social_icon_holder circle_social' data-color=\"#333333\" data-hover-background-color=\"#333333\" data-hover-border-color=\"#f5f5f1\" data-hover-color=\"#4cd995\"><a itemprop='url' href='#' target='_self'><span class='fa-stack fa-3x' style='background-color: #f5f5f1;border-color: #333333;border-width: 2px;'><i class=\"qode_icon_font_awesome fa fa-instagram\" style=\"color: #333333;\" ><\/i><\/span><\/a><\/span><\/div><\/div><\/div><div class=\"wpb_column vc_column_container vc_col-sm-8\"><div class=\"vc_column-inner\"><div class=\"wpb_wrapper\">\n\t<div class=\"wpb_text_column wpb_content_element\">\n\t\t<div class=\"wpb_wrapper\">\n\t\t\t<h3>Contacto<\/h3>\n\n\t\t<\/div> \n\t<\/div> \t<div class=\"vc_empty_space\"  style=\"height: 32px\" ><span\n\t\t\tclass=\"vc_empty_space_inner\">\n\t\t\t<span class=\"empty_space_image\"  ><\/span>\n\t\t<\/span><\/div>\n\n\n<div class=\"wpcf7 no-js\" id=\"wpcf7-f181-o1\" lang=\"en-US\" dir=\"ltr\" data-wpcf7-id=\"181\">\n<div class=\"screen-reader-response\"><p role=\"status\" aria-live=\"polite\" aria-atomic=\"true\"><\/p> <ul><\/ul><\/div>\n<form action=\"\/es\/wp-json\/wp\/v2\/pages\/25#wpcf7-f181-o1\" method=\"post\" class=\"wpcf7-form init cf7_custom_style_1\" aria-label=\"Formulario de contacto\" novalidate=\"novalidate\" data-status=\"init\" data-trp-original-action=\"\/es\/wp-json\/wp\/v2\/pages\/25#wpcf7-f181-o1\">\n<div style=\"display: none;\">\n<input type=\"hidden\" name=\"_wpcf7\" value=\"181\" \/>\n<input type=\"hidden\" name=\"_wpcf7_version\" value=\"6.0.6\" \/>\n<input type=\"hidden\" name=\"_wpcf7_locale\" value=\"en_US\" \/>\n<input type=\"hidden\" name=\"_wpcf7_unit_tag\" value=\"wpcf7-f181-o1\" \/>\n<input type=\"hidden\" name=\"_wpcf7_container_post\" value=\"0\" \/>\n<input type=\"hidden\" name=\"_wpcf7_posted_data_hash\" value=\"\" \/>\n<\/div>\n<p><span class=\"wpcf7-form-control-wrap\" data-name=\"text-647\"><input size=\"40\" maxlength=\"400\" class=\"wpcf7-form-control wpcf7-text wpcf7-validates-as-required\" aria-required=\"true\" aria-invalid=\"false\" placeholder=\"Nombre completo*\" value=\"\" type=\"text\" name=\"text-647\" \/><\/span><br \/>\n<span class=\"wpcf7-form-control-wrap\" data-name=\"email-697\"><input size=\"40\" maxlength=\"400\" class=\"wpcf7-form-control wpcf7-email wpcf7-validates-as-required wpcf7-text wpcf7-validates-as-email\" aria-required=\"true\" aria-invalid=\"false\" placeholder=\"Correo electr\u00f3nico*\" value=\"\" type=\"email\" name=\"email-697\" \/><\/span><br \/>\n<span class=\"wpcf7-form-control-wrap\" data-name=\"text-387\"><input size=\"40\" maxlength=\"400\" class=\"wpcf7-form-control wpcf7-text wpcf7-validates-as-required\" aria-required=\"true\" aria-invalid=\"false\" placeholder=\"Asunto*\" value=\"\" type=\"text\" name=\"text-387\" \/><\/span><br \/>\n<span class=\"wpcf7-form-control-wrap\" data-name=\"textarea-22\"><textarea cols=\"40\" rows=\"10\" maxlength=\"2000\" class=\"wpcf7-form-control wpcf7-textarea wpcf7-validates-as-required\" aria-required=\"true\" aria-invalid=\"false\" placeholder=\"Mensaje*\" name=\"textarea-22\"><\/textarea><\/span>\n<\/p>\n<p><input class=\"wpcf7-form-control wpcf7-submit has-spinner\" type=\"submit\" value=\"Enviar\" \/>\n<\/p><p style=\"display: none !important;\"><label>&#916;<textarea name=\"_wpcf7_ak_hp_textarea\" cols=\"45\" rows=\"8\" maxlength=\"100\"><\/textarea><\/label><input type=\"hidden\" id=\"ak_js_1\" name=\"_wpcf7_ak_js\" value=\"221\"\/><script>document.getElementById( \"ak_js_1\" ).setAttribute( \"value\", ( new Date() ).getTime() );<\/script><\/p><input type='hidden' class='wpcf7-pum' value='{\"closepopup\":false,\"closedelay\":0,\"openpopup\":false,\"openpopup_id\":0}' \/><div class=\"wpcf7-response-output\" aria-hidden=\"true\"><\/div>\n<input type=\"hidden\" name=\"trp-form-language\" value=\"es\"\/><\/form>\n<\/div>\n\t<div class=\"vc_empty_space\"  style=\"height: 32px\" ><span\n\t\t\tclass=\"vc_empty_space_inner\">\n\t\t\t<span class=\"empty_space_image\"  ><\/span>\n\t\t<\/span><\/div>\n\n<\/div><\/div><\/div><\/div><\/div>\n<\/div>","protected":false},"excerpt":{"rendered":"Complete el formulario para comunicarse con nosotros. Tambi\u00e9n puede comunicarse con nosotros por tel\u00e9fono: Jenny Sanchez, Presidenta: 703.655.8246 Dra. Rachel Marcus, Directora M\u00e9dica: 202.236.9385 LASOCHA C\/o Virginia Registered Agent Services LLC 8401 Mayland Dr. Ste. V Richmond, VA 23294 ...","protected":false},"author":1,"featured_media":0,"parent":0,"menu_order":0,"comment_status":"closed","ping_status":"closed","template":"","meta":{"footnotes":""},"class_list":["post-25","page","type-page","status-publish","hentry"],"jetpack_sharing_enabled":true,"_links":{"self":[{"href":"https:\/\/lasocha.org\/es\/wp-json\/wp\/v2\/pages\/25","targetHints":{"allow":["GET"]}}],"collection":[{"href":"https:\/\/lasocha.org\/es\/wp-json\/wp\/v2\/pages"}],"about":[{"href":"https:\/\/lasocha.org\/es\/wp-json\/wp\/v2\/types\/page"}],"author":[{"embeddable":true,"href":"https:\/\/lasocha.org\/es\/wp-json\/wp\/v2\/users\/1"}],"replies":[{"embeddable":true,"href":"https:\/\/lasocha.org\/es\/wp-json\/wp\/v2\/comments?post=25"}],"version-history":[{"count":19,"href":"https:\/\/lasocha.org\/es\/wp-json\/wp\/v2\/pages\/25\/revisions"}],"predecessor-version":[{"id":901,"href":"https:\/\/lasocha.org\/es\/wp-json\/wp\/v2\/pages\/25\/revisions\/901"}],"wp:attachment":[{"href":"https:\/\/lasocha.org\/es\/wp-json\/wp\/v2\/media?parent=25"}],"curies":[{"name":"wp","href":"https:\/\/api.w.org\/{rel}","templated":true}]}}