{"id":280,"date":"2021-04-14T17:50:37","date_gmt":"2021-04-14T17:50:37","guid":{"rendered":"https:\/\/lasocha.org\/?page_id=280"},"modified":"2024-10-08T07:25:36","modified_gmt":"2024-10-08T11:25:36","slug":"physician-finder","status":"publish","type":"page","link":"https:\/\/lasocha.org\/es\/physician-finder\/","title":{"rendered":"Buscador de m\u00e9dicos"},"content":{"rendered":"<div class=\"wpb-content-wrapper\"><div      class=\"vc_row wpb_row section vc_row-fluid  vc_custom_1618422615916\" style=' text-align:left;'><div class=\"full_section_inner clearfix\"><div class=\"wpb_column vc_column_container vc_col-sm-12\"><div class=\"vc_column-inner\"><div class=\"wpb_wrapper\"><div class=\"separator  normal\" style=\"\"><\/div>\n<\/div><\/div><\/div><\/div><\/div><div      class=\"vc_row wpb_row section vc_row-fluid\" style=' text-align:left;'><div class=\"full_section_inner clearfix\"><div class=\"wpb_column vc_column_container vc_col-sm-12\"><div class=\"vc_column-inner\"><div class=\"wpb_wrapper\"><div      class=\"vc_row wpb_row section vc_row-fluid vc_inner\" style=' text-align:left;'><div class=\"full_section_inner clearfix\"><div class=\"wpb_column vc_column_container vc_col-sm-4\"><div class=\"vc_column-inner\"><div class=\"wpb_wrapper\">\n\t<div class=\"wpb_single_image wpb_content_element vc_align_left\">\n\t\t<div class=\"wpb_wrapper\">\n\t\t\t\n\t\t\t<div class=\"vc_single_image-wrapper   vc_box_border_grey\"><img decoding=\"async\" width=\"186\" height=\"174\" src=\"https:\/\/lasocha.org\/wp-content\/uploads\/2023\/09\/providerpiccropped3.jpeg\" class=\"vc_single_image-img attachment-full\" alt=\"\" title=\"proveedorpiccropped3\" srcset=\"https:\/\/lasocha.org\/wp-content\/uploads\/2023\/09\/providerpiccropped3.jpeg 186w, https:\/\/lasocha.org\/wp-content\/uploads\/2023\/09\/providerpiccropped3-13x12.jpeg 13w\" sizes=\"(max-width: 186px) 100vw, 186px\" \/><\/div>\n\t\t<\/div>\n\t<\/div>\n<\/div><\/div><\/div><div class=\"wpb_column vc_column_container vc_col-sm-8\"><div class=\"vc_column-inner\"><div class=\"wpb_wrapper\">\n\t<div class=\"wpb_text_column wpb_content_element\">\n\t\t<div class=\"wpb_wrapper\">\n\t\t\t<h4>LASOCHA se enorgullece en poder ayudarlo a usted o a su ser querido en obtener diagnostico o tratamiento para la enfermedad de Chagas.<\/h4>\n<p>&nbsp;<\/p>\n<p><strong><em><a href=\"https:\/\/lasocha.org\/es\/contact\/\" target=\"_blank\" rel=\"noopener\">Por favor cont\u00e1ctenos aqu\u00ed<\/a><\/em><\/strong> y te ayudaremos a conectarte con un especialista cerca de ti.<\/p>\n\n\t\t<\/div> \n\t<\/div> <\/div><\/div><\/div><\/div><\/div><\/div><\/div><\/div><\/div><\/div><div      class=\"vc_row wpb_row section vc_row-fluid\" style=' text-align:left;'><div class=\"full_section_inner clearfix\"><div class=\"wpb_column vc_column_container vc_col-sm-12\"><div class=\"vc_column-inner\"><div class=\"wpb_wrapper\">\t<div class=\"vc_empty_space\"  style=\"height: 32px\" ><span\n\t\t\tclass=\"vc_empty_space_inner\">\n\t\t\t<span class=\"empty_space_image\"  ><\/span>\n\t\t<\/span><\/div>\n\n<\/div><\/div><\/div><\/div><\/div>\n<\/div>","protected":false},"excerpt":{"rendered":"LASOCHA se complace en ayudarlo a encontrar un proveedor de atenci\u00f3n m\u00e9dica que pueda ayudarlo a usted o a su ser querido a recibir un diagn\u00f3stico o tratamiento de la enfermedad de Chagas. Comun\u00edquese con nosotros aqu\u00ed y lo ayudaremos a conectarse con un especialista cerca de usted.","protected":false},"author":1,"featured_media":0,"parent":0,"menu_order":0,"comment_status":"closed","ping_status":"closed","template":"","meta":{"footnotes":""},"class_list":["post-280","page","type-page","status-publish","hentry"],"jetpack_sharing_enabled":true,"_links":{"self":[{"href":"https:\/\/lasocha.org\/es\/wp-json\/wp\/v2\/pages\/280","targetHints":{"allow":["GET"]}}],"collection":[{"href":"https:\/\/lasocha.org\/es\/wp-json\/wp\/v2\/pages"}],"about":[{"href":"https:\/\/lasocha.org\/es\/wp-json\/wp\/v2\/types\/page"}],"author":[{"embeddable":true,"href":"https:\/\/lasocha.org\/es\/wp-json\/wp\/v2\/users\/1"}],"replies":[{"embeddable":true,"href":"https:\/\/lasocha.org\/es\/wp-json\/wp\/v2\/comments?post=280"}],"version-history":[{"count":13,"href":"https:\/\/lasocha.org\/es\/wp-json\/wp\/v2\/pages\/280\/revisions"}],"predecessor-version":[{"id":972,"href":"https:\/\/lasocha.org\/es\/wp-json\/wp\/v2\/pages\/280\/revisions\/972"}],"wp:attachment":[{"href":"https:\/\/lasocha.org\/es\/wp-json\/wp\/v2\/media?parent=280"}],"curies":[{"name":"wp","href":"https:\/\/api.w.org\/{rel}","templated":true}]}}