{"id":34,"date":"2020-09-09T23:40:39","date_gmt":"2020-09-09T23:40:39","guid":{"rendered":"https:\/\/lasocha.org\/?page_id=34"},"modified":"2025-09-01T17:45:24","modified_gmt":"2025-09-01T21:45:24","slug":"about-us","status":"publish","type":"page","link":"https:\/\/lasocha.org\/es\/about-us\/","title":{"rendered":"Acerca de"},"content":{"rendered":"<div class=\"wpb-content-wrapper\"><div      class=\"vc_row wpb_row section vc_row-fluid  vc_custom_1599775440585\" style=' text-align:left;'><div class=\"full_section_inner clearfix\"><div class=\"wpb_column vc_column_container vc_col-sm-12\"><div class=\"vc_column-inner\"><div class=\"wpb_wrapper\"><div class=\"separator  normal\" style=\"\"><\/div>\n<\/div><\/div><\/div><\/div><\/div><div      class=\"vc_row wpb_row section vc_row-fluid\" style=' text-align:left;'><div class=\"full_section_inner clearfix\"><div class=\"wpb_column vc_column_container vc_col-sm-12\"><div class=\"vc_column-inner\"><div class=\"wpb_wrapper\">\n\t<div class=\"wpb_text_column wpb_content_element\">\n\t\t<div class=\"wpb_wrapper\">\n\t\t\t<h3>Nuestra historia<\/h3>\n<p>&nbsp;<\/p>\n<h2>LASOCHA<br \/>\nLa Sociedad Latinoamericana de Chagas<\/h2>\n\n\t\t<\/div> \n\t<\/div> \t<div class=\"vc_empty_space\"  style=\"height: 32px\" ><span\n\t\t\tclass=\"vc_empty_space_inner\">\n\t\t\t<span class=\"empty_space_image\"  ><\/span>\n\t\t<\/span><\/div>\n\n<div      class=\"vc_row wpb_row section vc_row-fluid vc_inner\" style=' text-align:left;'><div class=\"full_section_inner clearfix\"><div class=\"wpb_column vc_column_container vc_col-sm-6\"><div class=\"vc_column-inner\"><div class=\"wpb_wrapper\">\n\t<div class=\"wpb_text_column wpb_content_element\">\n\t\t<div class=\"wpb_wrapper\">\n\t\t\t<p><span style=\"font-weight: 400;\">En respuesta a la falta de conocimiento sobre la enfermedad de Chagas y la falta de acceso al tratamiento para los pacientes existentes en nuestra comunidad, hemos establecido LASOCHA, una organizaci\u00f3n sin fines de lucro, con Jenny Sanchez como presidenta y la Dra. Rachel Marcus como directora m\u00e9dica.<\/span><\/p>\n\n\t\t<\/div> \n\t<\/div> <\/div><\/div><\/div><div class=\"wpb_column vc_column_container vc_col-sm-6\"><div class=\"vc_column-inner\"><div class=\"wpb_wrapper\">\n\t<div class=\"wpb_text_column wpb_content_element\">\n\t\t<div class=\"wpb_wrapper\">\n\t\t\t<p><span style=\"font-weight: 400;\">Nuestra meta es alertar a la comunidad Hispana en la region metropolitana de Washington DC as\u00ed como a la comunidad m\u00e9dica estadounidense  acerca de la prevalencia e importancia de la enfermedad de Chagas. Tambi\u00e9n identificar pacientes que necesitan tratamiento y facilitar el tratamiento a los pacientes previamente diagnosticados como seropositivos en sus pa\u00edses de origen.<\/span><\/p>\n\n\t\t<\/div> \n\t<\/div> <\/div><\/div><\/div><\/div><\/div><\/div><\/div><\/div><\/div><\/div><div      class=\"vc_row wpb_row section vc_row-fluid  vc_custom_1599706011258\" style=' text-align:left;'><div class=\"full_section_inner clearfix\"><div class=\"wpb_column vc_column_container vc_col-sm-12\"><div class=\"vc_column-inner\"><div class=\"wpb_wrapper\"><div class=\"separator  normal\" style=\"margin-bottom: 30pxpx;background-color: #afafaf;\"><\/div>\n<\/div><\/div><\/div><\/div><\/div><div      class=\"vc_row wpb_row section vc_row-fluid\" style=' text-align:left;'><div class=\"full_section_inner clearfix\"><div class=\"wpb_column vc_column_container vc_col-sm-12\"><div class=\"vc_column-inner\"><div class=\"wpb_wrapper\">\n\t<div class=\"wpb_text_column wpb_content_element\">\n\t\t<div class=\"wpb_wrapper\">\n\t\t\t<h3>Qui\u00e9nes somos<\/h3>\n\n\t\t<\/div> \n\t<\/div> \t<div class=\"vc_empty_space\"  style=\"height: 32px\" ><span\n\t\t\tclass=\"vc_empty_space_inner\">\n\t\t\t<span class=\"empty_space_image\"  ><\/span>\n\t\t<\/span><\/div>\n\n<\/div><\/div><\/div><\/div><\/div><div      class=\"vc_row wpb_row section vc_row-fluid\" style=' text-align:left;'><div class=\"full_section_inner clearfix\"><div class=\"wpb_column vc_column_container vc_col-sm-12 vc_hidden-xs\"><div class=\"vc_column-inner\"><div class=\"wpb_wrapper\"><div      class=\"vc_row wpb_row section vc_row-fluid vc_inner\" style=' text-align:left;'><div class=\"full_section_inner clearfix\"><div class=\"wpb_column vc_column_container vc_col-sm-9\"><div class=\"vc_column-inner\"><div class=\"wpb_wrapper\">\n\t<div class=\"wpb_text_column wpb_content_element\">\n\t\t<div class=\"wpb_wrapper\">\n\t\t\t<h2><span style=\"font-weight: 600;\">Jenny Sanchez<\/span><\/h2>\n<p>&nbsp;<\/p>\n<h3><span style=\"font-weight: 600; text-transform: none;\">Presidenta<\/span><\/h3>\n<p>&nbsp;<\/p>\n<p><span style=\"font-weight: 400;\">Jenny S\u00e1nchez es presidenta de LASOCHA (Sociedad Latinoamericana de Chagas), una asociaci\u00f3n de pacientes de Chagas en los Estados Unidos. Se gradu\u00f3 con una Licenciatura en Ciencias en Bioqu\u00edmica y Farmacia en 1994 de la Universidad San Francisco Xavier en Sucre-Bolivia. Ha trabajado con Cruz Roja Bolivia como supervisora del laboratorio de Tuberculosis.<\/span><\/p>\n<p>&nbsp;<\/p>\n<p><span style=\"font-weight: 400;\">Tambi\u00e9n ayud\u00f3 a establecer una red de laboratorios de TB en Santa Cruz, Bolivia. Asumi\u00f3 un papel desafiante ayudando al laboratorio a convertirse en un laboratorio de referencia para MDR-TB (tuberculosis resistente a m\u00faltiples f\u00e1rmacos). Ha trabajado como microbi\u00f3loga en el laboratorio de diagn\u00f3stico INOVA en el norte de Virginia durante aproximadamente 10 a\u00f1os y actualmente trabaja como coordinadora de control de calidad en el laboratorio de Quest Diagnostics en Chantilly, Virginia.<\/span><\/p>\n\n\t\t<\/div> \n\t<\/div> \t<div class=\"vc_empty_space\"  style=\"height: 32px\" ><span\n\t\t\tclass=\"vc_empty_space_inner\">\n\t\t\t<span class=\"empty_space_image\"  ><\/span>\n\t\t<\/span><\/div>\n\n<\/div><\/div><\/div><div class=\"wpb_column vc_column_container vc_col-sm-3\"><div class=\"vc_column-inner\"><div class=\"wpb_wrapper\">\n\t<div class=\"wpb_single_image wpb_content_element vc_align_left\">\n\t\t<div class=\"wpb_wrapper\">\n\t\t\t\n\t\t\t<div class=\"vc_single_image-wrapper   vc_box_border_grey\"><img fetchpriority=\"high\" decoding=\"async\" width=\"366\" height=\"591\" src=\"https:\/\/lasocha.org\/wp-content\/uploads\/2020\/09\/jenny.jpg\" class=\"vc_single_image-img attachment-full\" alt=\"\" title=\"Jenny\" srcset=\"https:\/\/lasocha.org\/wp-content\/uploads\/2020\/09\/jenny.jpg 366w, https:\/\/lasocha.org\/wp-content\/uploads\/2020\/09\/jenny-186x300.jpg 186w\" sizes=\"(max-width: 366px) 100vw, 366px\" \/><\/div>\n\t\t<\/div>\n\t<\/div>\n\t<div class=\"vc_empty_space\"  style=\"height: 32px\" ><span\n\t\t\tclass=\"vc_empty_space_inner\">\n\t\t\t<span class=\"empty_space_image\"  ><\/span>\n\t\t<\/span><\/div>\n\n<\/div><\/div><\/div><\/div><\/div><\/div><\/div><\/div><\/div><\/div><div      class=\"vc_row wpb_row section vc_row-fluid\" style=' text-align:left;'><div class=\"full_section_inner clearfix\"><div class=\"wpb_column vc_column_container vc_col-sm-12 vc_hidden-lg vc_hidden-md vc_hidden-sm\"><div class=\"vc_column-inner\"><div class=\"wpb_wrapper\"><div      class=\"vc_row wpb_row section vc_row-fluid vc_inner\" style=' text-align:left;'><div class=\"full_section_inner clearfix\"><div class=\"wpb_column vc_column_container vc_col-sm-12\"><div class=\"vc_column-inner\"><div class=\"wpb_wrapper\">\n\t<div class=\"wpb_single_image wpb_content_element vc_align_left\">\n\t\t<div class=\"wpb_wrapper\">\n\t\t\t\n\t\t\t<div class=\"vc_single_image-wrapper   vc_box_border_grey\"><img fetchpriority=\"high\" decoding=\"async\" width=\"366\" height=\"591\" src=\"https:\/\/lasocha.org\/wp-content\/uploads\/2020\/09\/jenny.jpg\" class=\"vc_single_image-img attachment-full\" alt=\"\" title=\"Jenny\" srcset=\"https:\/\/lasocha.org\/wp-content\/uploads\/2020\/09\/jenny.jpg 366w, https:\/\/lasocha.org\/wp-content\/uploads\/2020\/09\/jenny-186x300.jpg 186w\" sizes=\"(max-width: 366px) 100vw, 366px\" \/><\/div>\n\t\t<\/div>\n\t<\/div>\n\n\t<div class=\"wpb_text_column wpb_content_element\">\n\t\t<div class=\"wpb_wrapper\">\n\t\t\t<h2><span style=\"font-weight: 600;\">Jenny Sanchez<\/span><\/h2>\n<p>&nbsp;<\/p>\n<h3><span style=\"font-weight: 600; text-transform: none;\">Presidenta<\/span><\/h3>\n<p>&nbsp;<\/p>\n<p><span style=\"font-weight: 400;\">Jenny S\u00e1nchez es Presidente de LASOCHA (Asociaci\u00f3n Latinoamericana de Chagas) una asociaci\u00f3n de pacientes de Chagas en Estados Unidos. Graduada con t\u00edtulo de Bioqu\u00edmica y Farmacia en 1994 de la Universidad de San Francisco Xavier en Sucre, Bolivia.<\/span><\/p>\n<p>&nbsp;<\/p>\n<p><span style=\"font-weight: 400;\">Ella ha trabajado en la Cruz Roja Boliviana como supervisora del Laboratorio de Tuberculosis. Ayud\u00f3 a establecer una red de Laboratorios de Tuberculosis en Santa Cruz, Bolivia. Jug\u00f3 un papel importante en conseguir la denominaci\u00f3n como Laboratorio de Referencia de Tuberculosis para drogas m\u00faltiple resistentes. Trabaj\u00f3 como como Microbi\u00f3loga en el Laboratorio INOVA Diagnostics en Fairfax, Virginia por aproximadamente 10 a\u00f1os. Actualmente trabaja como Coordinadora de Control de Calidad en el Laboratorio Quest Diagnostics en Chantilly, Virginia.<\/span><\/p>\n\n\t\t<\/div> \n\t<\/div> \t<div class=\"vc_empty_space\"  style=\"height: 32px\" ><span\n\t\t\tclass=\"vc_empty_space_inner\">\n\t\t\t<span class=\"empty_space_image\"  ><\/span>\n\t\t<\/span><\/div>\n\n<\/div><\/div><\/div><\/div><\/div><\/div><\/div><\/div><\/div><\/div><div      class=\"vc_row wpb_row section vc_row-fluid\" style=' text-align:left;'><div class=\"full_section_inner clearfix\"><div class=\"wpb_column vc_column_container vc_col-sm-12 vc_hidden-xs\"><div class=\"vc_column-inner\"><div class=\"wpb_wrapper\"><div      class=\"vc_row wpb_row section vc_row-fluid vc_inner\" style=' text-align:left;'><div class=\"full_section_inner clearfix\"><div class=\"wpb_column vc_column_container vc_col-sm-3\"><div class=\"vc_column-inner\"><div class=\"wpb_wrapper\">\n\t<div class=\"wpb_single_image wpb_content_element vc_align_left\">\n\t\t<div class=\"wpb_wrapper\">\n\t\t\t\n\t\t\t<div class=\"vc_single_image-wrapper   vc_box_border_grey\"><img decoding=\"async\" width=\"1212\" height=\"1794\" src=\"https:\/\/lasocha.org\/wp-content\/uploads\/2023\/07\/image0.jpeg\" class=\"vc_single_image-img attachment-full\" alt=\"\" title=\"imagen0\" srcset=\"https:\/\/lasocha.org\/wp-content\/uploads\/2023\/07\/image0.jpeg 1212w, https:\/\/lasocha.org\/wp-content\/uploads\/2023\/07\/image0-203x300.jpeg 203w, https:\/\/lasocha.org\/wp-content\/uploads\/2023\/07\/image0-692x1024.jpeg 692w, https:\/\/lasocha.org\/wp-content\/uploads\/2023\/07\/image0-768x1137.jpeg 768w, https:\/\/lasocha.org\/wp-content\/uploads\/2023\/07\/image0-1038x1536.jpeg 1038w, https:\/\/lasocha.org\/wp-content\/uploads\/2023\/07\/image0-8x12.jpeg 8w, https:\/\/lasocha.org\/wp-content\/uploads\/2023\/07\/image0-700x1036.jpeg 700w\" sizes=\"(max-width: 1212px) 100vw, 1212px\" \/><\/div>\n\t\t<\/div>\n\t<\/div>\n<\/div><\/div><\/div><div class=\"wpb_column vc_column_container vc_col-sm-9\"><div class=\"vc_column-inner\"><div class=\"wpb_wrapper\">\n\t<div class=\"wpb_text_column wpb_content_element\">\n\t\t<div class=\"wpb_wrapper\">\n\t\t\t<h2><span style=\"font-weight: 600;\">Dra. Rachel Marcus<\/span><\/h2>\n<p>&nbsp;<\/p>\n<h3><span style=\"font-weight: 600; text-transform: none;\">Directora m\u00e9dica<\/span><\/h3>\n<p>&nbsp;<\/p>\n<p>La Dra. Rachel Marcus se gradu\u00f3 de la Escuela de Medicina de Stanford en 1994 y trabaj\u00f3 como interna y residente en el Brigham and Women&#039;s Hospital en Boston antes de regresar a Stanford para obtener una beca de investigaci\u00f3n en Medicina Cardiovascular. Debido a un compromiso de larga data de trabajar con comunidades desatendidas en los EE. UU. y en el extranjero, dej\u00f3 una pr\u00e1ctica de cardiolog\u00eda en la oficina para unir fuerzas con Jenny Sanchez y la junta de LASOCHA para desarrollar el programa m\u00e9dico para la organizaci\u00f3n sin fines de lucro.<\/p>\n<p>&nbsp;<\/p>\n<p>Tambi\u00e9n colabor\u00f3 en la investigaci\u00f3n sobre la enfermedad de Chagas en colaboraci\u00f3n con Johns Hopkins, adem\u00e1s de trabajar como cardi\u00f3loga de planta en los Institutos Nacionales de Salud. Habla espa\u00f1ol y portugu\u00e9s.<\/p>\n\n\t\t<\/div> \n\t<\/div> <\/div><\/div><\/div><\/div><\/div><\/div><\/div><\/div><\/div><\/div><div      class=\"vc_row wpb_row section vc_row-fluid\" style=' text-align:left;'><div class=\"full_section_inner clearfix\"><div class=\"wpb_column vc_column_container vc_col-sm-12 vc_hidden-lg vc_hidden-md vc_hidden-sm\"><div class=\"vc_column-inner\"><div class=\"wpb_wrapper\"><div      class=\"vc_row wpb_row section vc_row-fluid vc_inner\" style=' text-align:left;'><div class=\"full_section_inner clearfix\"><div class=\"wpb_column vc_column_container vc_col-sm-12\"><div class=\"vc_column-inner\"><div class=\"wpb_wrapper\">\n\t<div class=\"wpb_single_image wpb_content_element vc_align_left\">\n\t\t<div class=\"wpb_wrapper\">\n\t\t\t\n\t\t\t<div class=\"vc_single_image-wrapper   vc_box_border_grey\"><img decoding=\"async\" width=\"350\" height=\"564\" src=\"https:\/\/lasocha.org\/wp-content\/uploads\/2020\/09\/dr-rachel-marcus.jpg\" class=\"vc_single_image-img attachment-full\" alt=\"\" title=\"Dra. Rachel Marcus\" srcset=\"https:\/\/lasocha.org\/wp-content\/uploads\/2020\/09\/dr-rachel-marcus.jpg 350w, https:\/\/lasocha.org\/wp-content\/uploads\/2020\/09\/dr-rachel-marcus-186x300.jpg 186w\" sizes=\"(max-width: 350px) 100vw, 350px\" \/><\/div>\n\t\t<\/div>\n\t<\/div>\n\n\t<div class=\"wpb_text_column wpb_content_element\">\n\t\t<div class=\"wpb_wrapper\">\n\t\t\t<h2><span style=\"font-weight: 600;\">Dra. Rachel Marcus<\/span><\/h2>\n<p>&nbsp;<\/p>\n<h3><span style=\"font-weight: 600; text-transform: none;\">Directora m\u00e9dica<\/span><\/h3>\n<p>&nbsp;<\/p>\n<p><span style=\"font-weight: 400;\">Dr. Rachel Marcus se gradu\u00f3 de la Escuela de Medicina de Stanford en 1994 y trabaj\u00f3 como residente en el Hospital Brigham and Women de Boston, antes de regresar a Stanford para una beca en medicina cardiovascular. Debido a su larga trayectoria y compromiso para trabajar con las comunidades marginadas en los Estados Unidos y en el extranjero dej\u00f3 una pr\u00e1ctica de cardiolog\u00eda para unir fuerzas con Jenny S\u00e1nchez y el equipo LASOCHA para desarrollar el programa m\u00e9dico de una organizaci\u00f3n no lucrativa.<\/span><\/p>\n<p>&nbsp;<\/p>\n<p><span style=\"font-weight: 400;\">Ella tambi\u00e9n colabor\u00f3 en una investigaci\u00f3n de la enfermedad de Chagas con Johns Hopkins, adem\u00e1s actualmente trabaja como cardi\u00f3loga y es la directora del laboratorio de ecocardiograf\u00eda en Medstar Union Memorial y Good Samaritan Hospital en Baltimore. Ella habla espa\u00f1ol y portugu\u00e9s.<\/span><\/p>\n\n\t\t<\/div> \n\t<\/div> \t<div class=\"vc_empty_space\"  style=\"height: 32px\" ><span\n\t\t\tclass=\"vc_empty_space_inner\">\n\t\t\t<span class=\"empty_space_image\"  ><\/span>\n\t\t<\/span><\/div>\n\n<\/div><\/div><\/div><\/div><\/div><\/div><\/div><\/div><\/div><\/div><div      class=\"vc_row wpb_row section vc_row-fluid  vc_custom_1599781516421\" style=' text-align:left;'><div class=\"full_section_inner clearfix\"><div class=\"wpb_column vc_column_container vc_col-sm-12\" id=\"volunteer\"><div class=\"vc_column-inner\"><div class=\"wpb_wrapper\"><div class=\"separator  normal\" style=\"margin-bottom: 30pxpx;\"><\/div>\n<\/div><\/div><\/div><\/div><\/div><div      class=\"vc_row wpb_row section vc_row-fluid\" style=' text-align:left;'><div class=\"full_section_inner clearfix\"><div class=\"wpb_column vc_column_container vc_col-sm-12\"><div class=\"vc_column-inner\"><div class=\"wpb_wrapper\">\n\t<div class=\"wpb_text_column wpb_content_element\">\n\t\t<div class=\"wpb_wrapper\">\n\t\t\t<h3><b>\u00danase al equipo de Lasocha<\/b><\/h3>\n<p>&nbsp;<\/p>\n<h2><b>\u00bfLe gustar\u00eda ser voluntario?<\/b><\/h2>\n\n\t\t<\/div> \n\t<\/div> \t<div class=\"vc_empty_space\"  style=\"height: 32px\" ><span\n\t\t\tclass=\"vc_empty_space_inner\">\n\t\t\t<span class=\"empty_space_image\"  ><\/span>\n\t\t<\/span><\/div>\n\n<\/div><\/div><\/div><\/div><\/div><div      class=\"vc_row wpb_row section vc_row-fluid\" style=' text-align:left;'><div class=\"full_section_inner clearfix\"><div class=\"wpb_column vc_column_container vc_col-sm-4\"><div class=\"vc_column-inner\"><div class=\"wpb_wrapper\">\n\t<div class=\"wpb_single_image wpb_content_element vc_align_left\">\n\t\t<div class=\"wpb_wrapper\">\n\t\t\t\n\t\t\t<div class=\"vc_single_image-wrapper   vc_box_border_grey\"><img loading=\"lazy\" decoding=\"async\" width=\"503\" height=\"629\" src=\"https:\/\/lasocha.org\/wp-content\/uploads\/2020\/09\/volunteer.jpg\" class=\"vc_single_image-img attachment-full\" alt=\"\" title=\"voluntario\" srcset=\"https:\/\/lasocha.org\/wp-content\/uploads\/2020\/09\/volunteer.jpg 503w, https:\/\/lasocha.org\/wp-content\/uploads\/2020\/09\/volunteer-240x300.jpg 240w\" sizes=\"(max-width: 503px) 100vw, 503px\" \/><\/div>\n\t\t<\/div>\n\t<\/div>\n<\/div><\/div><\/div><div class=\"wpb_column vc_column_container vc_col-sm-8\"><div class=\"vc_column-inner\"><div class=\"wpb_wrapper\">\n\t<div class=\"wpb_text_column wpb_content_element\">\n\t\t<div class=\"wpb_wrapper\">\n\t\t\t<p><span style=\"font-weight: 400;\">\u00bfLe gustar\u00eda ser parte de LASOCHA y ayudarnos a combatir la enfermedad de Chagas? \u00danase a nuestro equipo y sea un voluntario de LASOCHA. Si est\u00e1 interesado y desea, complete el formulario de solicitud.<\/span><\/p>\n\n\t\t<\/div> \n\t<\/div> \t<div class=\"vc_empty_space\"  style=\"height: 32px\" ><span\n\t\t\tclass=\"vc_empty_space_inner\">\n\t\t\t<span class=\"empty_space_image\"  ><\/span>\n\t\t<\/span><\/div>\n\n\n<div class=\"wpcf7 no-js\" id=\"wpcf7-f111-o1\" lang=\"es-MX\" dir=\"ltr\" data-wpcf7-id=\"111\">\n<div class=\"screen-reader-response\"><p role=\"status\" aria-live=\"polite\" aria-atomic=\"true\"><\/p> <ul><\/ul><\/div>\n<form action=\"\/es\/wp-json\/wp\/v2\/pages\/34#wpcf7-f111-o1\" method=\"post\" class=\"wpcf7-form init cf7_custom_style_1\" aria-label=\"Formulario de contacto\" novalidate=\"novalidate\" data-status=\"init\" data-trp-original-action=\"\/es\/wp-json\/wp\/v2\/pages\/34#wpcf7-f111-o1\">\n<div style=\"display: none;\">\n<input type=\"hidden\" name=\"_wpcf7\" value=\"111\" \/>\n<input type=\"hidden\" name=\"_wpcf7_version\" value=\"6.0.6\" \/>\n<input type=\"hidden\" name=\"_wpcf7_locale\" value=\"es_MX\" \/>\n<input type=\"hidden\" name=\"_wpcf7_unit_tag\" value=\"wpcf7-f111-o1\" \/>\n<input type=\"hidden\" name=\"_wpcf7_container_post\" value=\"0\" \/>\n<input type=\"hidden\" name=\"_wpcf7_posted_data_hash\" value=\"\" \/>\n<\/div>\n<p><span class=\"wpcf7-form-control-wrap\" data-name=\"text-753\"><input size=\"40\" maxlength=\"400\" class=\"wpcf7-form-control wpcf7-text wpcf7-validates-as-required\" aria-required=\"true\" aria-invalid=\"false\" placeholder=\"Nombre completo*\" value=\"\" type=\"text\" name=\"text-753\" \/><\/span><br \/>\n<span class=\"wpcf7-form-control-wrap\" data-name=\"email-19\"><input size=\"40\" maxlength=\"400\" class=\"wpcf7-form-control wpcf7-email wpcf7-validates-as-required wpcf7-text wpcf7-validates-as-email\" aria-required=\"true\" aria-invalid=\"false\" placeholder=\"Correo electr\u00f3nico*\" value=\"\" type=\"email\" name=\"email-19\" \/><\/span><br \/>\n<span class=\"wpcf7-form-control-wrap\" data-name=\"text-613\"><input size=\"40\" maxlength=\"400\" class=\"wpcf7-form-control wpcf7-text\" aria-invalid=\"false\" placeholder=\"\u00bfC\u00f3mo nos ha llegado a conocer?\" value=\"\" type=\"text\" name=\"text-613\" \/><\/span><br \/>\n<span class=\"wpcf7-form-control-wrap\" data-name=\"menu-479\"><select class=\"wpcf7-form-control wpcf7-select wpcf7-validates-as-required\" aria-required=\"true\" aria-invalid=\"false\" name=\"menu-479\"><option value=\"Depending on your interest and background, how would you like to help?\">Dependiendo de su inter\u00e9s y antecedentes, \u00bfc\u00f3mo le gustar\u00eda ayudar?<\/option><option value=\"Community outreach\">Alcance Comunitario<\/option><option value=\"Medical programs\">Programas m\u00e9dicos<\/option><option value=\"Administrative tasks\">Tareas administrativas<\/option><\/select><\/span><br \/>\n<input class=\"wpcf7-form-control wpcf7-submit has-spinner\" type=\"submit\" value=\"Enviar\" \/>\n<\/p><p style=\"display: none !important;\"><label>&#916;<textarea name=\"_wpcf7_ak_hp_textarea\" cols=\"45\" rows=\"8\" maxlength=\"100\"><\/textarea><\/label><input type=\"hidden\" id=\"ak_js_1\" name=\"_wpcf7_ak_js\" value=\"231\"\/><script>document.getElementById( \"ak_js_1\" ).setAttribute( \"value\", ( new Date() ).getTime() );<\/script><\/p><input type='hidden' class='wpcf7-pum' value='{\"closepopup\":false,\"closedelay\":0,\"openpopup\":false,\"openpopup_id\":0}' \/><div class=\"wpcf7-response-output\" aria-hidden=\"true\"><\/div>\n<input type=\"hidden\" name=\"trp-form-language\" value=\"es\"\/><\/form>\n<\/div>\n<\/div><\/div><\/div><\/div><\/div><div      class=\"vc_row wpb_row section vc_row-fluid  vc_custom_1599781516421\" style=' text-align:left;'><div class=\"full_section_inner clearfix\"><div class=\"wpb_column vc_column_container vc_col-sm-12\"><div class=\"vc_column-inner\"><div class=\"wpb_wrapper\"><div class=\"separator  normal\" style=\"margin-bottom: 30pxpx;\"><\/div>\n<\/div><\/div><\/div><\/div><\/div><div      class=\"vc_row wpb_row section vc_row-fluid\" style=' text-align:left;'><div class=\"full_section_inner clearfix\"><div class=\"wpb_column vc_column_container vc_col-sm-12\"><div class=\"vc_column-inner\"><div class=\"wpb_wrapper\">\n\t<div class=\"wpb_text_column wpb_content_element  vc_custom_1728385707469\">\n\t\t<div class=\"wpb_wrapper\">\n\t\t\t<h3>Donaci\u00f3n<\/h3>\n<p>&nbsp;<\/p>\n<h2>Ay\u00fadanos a combatir la enfermedad de Chagas<\/h2>\n<p>&nbsp;<\/p>\n<div id=\"cp64ed6952dc\">\n<form id=\"pay_now_form_9c5ace5e2a\" action=\"https:\/\/checkout.globalgatewaye4.firstdata.com\/pay\" method=\"post\"><input name=\"x_login\" type=\"hidden\" value=\"WSP-LASOC-c3mPbQBYfg\" \/><input name=\"x_show_form\" type=\"hidden\" value=\"PAYMENT_FORM\" \/><input name=\"x_fp_sequence\" type=\"hidden\" value=\"16176393792311694264\" \/><input name=\"x_fp_hash\" type=\"hidden\" value=\"PNB-1.0-3bd41434c0c8e26994fd69a22f257aac61c091c2\" \/><input name=\"x_amount\" type=\"hidden\" \/><input name=\"x_currency_code\" type=\"hidden\" value=\"USD\" \/><input name=\"x_test_request\" type=\"hidden\" value=\"FALSE\" \/><input name=\"x_relay_response\" type=\"hidden\" value=\"\" \/><input name=\"donation_prompt\" type=\"hidden\" \/><input name=\"button_code\" type=\"hidden\" value=\"Pay Now LASOCHA\" \/><\/p>\n<div class=\"cpwrap\">Para luchar contra la enfermedad de Chagas y brindar pruebas gratuitas a la comunidad en riesgo, LASOCHA depende de las donaciones y los esfuerzos de colaboraci\u00f3n con los socios de la comunidad. <strong><em><a href=\"https:\/\/www.zeffy.com\/en-US\/donation-form\/3fdc6297-c733-4d8c-9b22-e85187a44e96\" target=\"_blank\" rel=\"noopener\">Si desea ayudarnos a combatir la enfermedad de Chagas, haga una donaci\u00f3n aqu\u00ed.<\/a><\/em><\/strong><\/div>\n<\/form>\n<\/div>\n<p>Si desea convertirse en socio y combatir la enfermedad de Chagas cara a cara, comun\u00edquese con nosotros al: <strong>Jenny: 703-655-8246, Dra. Rachel: 202-236-9385<\/strong>, o <strong><u><a href=\"https:\/\/lasocha.org\/es\/contact\/\">por favor cont\u00e1ctenos aqu\u00ed<\/a>.<\/u><u><\/u><\/strong><\/p>\n<div id=\"gtx-trans\" style=\"position: absolute; left: -28px; top: 177.469px;\">\n<div class=\"gtx-trans-icon\"><\/div>\n<\/div>\n<div style=\"position: static !important;\"><\/div>\n\n\t\t<\/div> \n\t<\/div> \t<div class=\"vc_empty_space\"  style=\"height: 32px\" ><span\n\t\t\tclass=\"vc_empty_space_inner\">\n\t\t\t<span class=\"empty_space_image\"  ><\/span>\n\t\t<\/span><\/div>\n\n<\/div><\/div><\/div><\/div><\/div><div      class=\"vc_row wpb_row section vc_row-fluid\" style=' text-align:left;'><div class=\"full_section_inner clearfix\"><div class=\"wpb_column vc_column_container vc_col-sm-12\"><div class=\"vc_column-inner\"><div class=\"wpb_wrapper\">\n\t<div class=\"wpb_text_column wpb_content_element\">\n\t\t<div class=\"wpb_wrapper\">\n\t\t\t<div style=\"position: static !important;\"><\/div>\n\n\t\t<\/div> \n\t<\/div> <\/div><\/div><\/div><\/div><\/div>\n<\/div>","protected":false},"excerpt":{"rendered":"Nuestra historia LASOCHA Sociedad Latinoamericana de Chagas En respuesta a la falta de conocimiento sobre la enfermedad de Chagas y la falta de acceso al tratamiento para los pacientes existentes en nuestra comunidad, hemos establecido LASOCHA, una organizaci\u00f3n sin fines de lucro, con Jenny S\u00e1nchez como presidenta y la Dra... .","protected":false},"author":1,"featured_media":0,"parent":0,"menu_order":0,"comment_status":"closed","ping_status":"closed","template":"","meta":{"footnotes":""},"class_list":["post-34","page","type-page","status-publish","hentry"],"jetpack_sharing_enabled":true,"_links":{"self":[{"href":"https:\/\/lasocha.org\/es\/wp-json\/wp\/v2\/pages\/34","targetHints":{"allow":["GET"]}}],"collection":[{"href":"https:\/\/lasocha.org\/es\/wp-json\/wp\/v2\/pages"}],"about":[{"href":"https:\/\/lasocha.org\/es\/wp-json\/wp\/v2\/types\/page"}],"author":[{"embeddable":true,"href":"https:\/\/lasocha.org\/es\/wp-json\/wp\/v2\/users\/1"}],"replies":[{"embeddable":true,"href":"https:\/\/lasocha.org\/es\/wp-json\/wp\/v2\/comments?post=34"}],"version-history":[{"count":35,"href":"https:\/\/lasocha.org\/es\/wp-json\/wp\/v2\/pages\/34\/revisions"}],"predecessor-version":[{"id":1018,"href":"https:\/\/lasocha.org\/es\/wp-json\/wp\/v2\/pages\/34\/revisions\/1018"}],"wp:attachment":[{"href":"https:\/\/lasocha.org\/es\/wp-json\/wp\/v2\/media?parent=34"}],"curies":[{"name":"wp","href":"https:\/\/api.w.org\/{rel}","templated":true}]}}