{"id":427,"date":"2023-01-26T15:31:53","date_gmt":"2023-01-26T20:31:53","guid":{"rendered":"https:\/\/lasocha.org\/?page_id=427"},"modified":"2024-10-08T07:22:27","modified_gmt":"2024-10-08T11:22:27","slug":"resources-patients-and-pregnancy","status":"publish","type":"page","link":"https:\/\/lasocha.org\/es\/resources-patients-and-pregnancy\/","title":{"rendered":"Enfermedad de Chagas y embarazo"},"content":{"rendered":"<div class=\"wpb-content-wrapper\"><div      class=\"vc_row wpb_row section vc_row-fluid  vc_custom_1600719118489\" style=' text-align:left;'><div class=\"full_section_inner clearfix\"><div class=\"wpb_column vc_column_container vc_col-sm-12\"><div class=\"vc_column-inner\"><div class=\"wpb_wrapper\"><div class=\"separator  normal\" style=\"margin-bottom: 30pxpx;background-color: #afafaf;\"><\/div>\n<\/div><\/div><\/div><\/div><\/div><div      class=\"vc_row wpb_row section vc_row-fluid\" style=' text-align:left;'><div class=\"full_section_inner clearfix\"><div class=\"wpb_column vc_column_container vc_col-sm-12\"><div class=\"vc_column-inner\"><div class=\"wpb_wrapper\">\t<div class=\"vc_empty_space\"  style=\"height: 32px\" ><span\n\t\t\tclass=\"vc_empty_space_inner\">\n\t\t\t<span class=\"empty_space_image\"  ><\/span>\n\t\t<\/span><\/div>\n\n\n\t<div class=\"wpb_text_column wpb_content_element\">\n\t\t<div class=\"wpb_wrapper\">\n\t\t\t<h3>Enfermedad de Chagas y embarazo<\/h3>\n<h2><\/h2>\n<h2>\u00bfD\u00f3nde puedo encontrar informaci\u00f3n sobre la enfermedad de Chagas y el embarazo?<\/h2>\n\n\t\t<\/div> \n\t<\/div> \n\t<div class=\"wpb_text_column wpb_content_element\">\n\t\t<div class=\"wpb_wrapper\">\n\t\t\t<p>Esta p\u00e1gina tiene informaci\u00f3n sobre la enfermedad de Chagas y el embarazo. <em>(<strong><a href=\"https:\/\/lasocha.org\/es\/what-if-i-am-pregnant-and-test-positive\/\" target=\"_blank\" rel=\"noopener\">Si est\u00e1 embarazada y dio positivo, haga clic aqu\u00ed.<\/a><\/strong>)<\/em> Hay informaci\u00f3n general sobre la enfermedad de Chagas. <em><strong><a href=\"https:\/\/lasocha.org\/es\/information-for-patients\/\" target=\"_blank\" rel=\"noopener\">aqu\u00ed<\/a><\/strong>.<\/em> <strong><a href=\"https:\/\/lasocha.org\/es\/contact\/\">\u00a0<\/a><\/strong><\/p>\n<p>&nbsp;<\/p>\n<p><strong><a href=\"https:\/\/lasocha.org\/es\/contact\/\" target=\"_blank\" rel=\"noopener\"><em>Tambi\u00e9n puede contactarnos para m\u00e1s informaci\u00f3n.\u00a0<\/em><\/a><\/strong><\/p>\n<p>&nbsp;<\/p>\n<p>Puede encontrar m\u00e1s informaci\u00f3n sobre la enfermedad de Chagas y el embarazo en la <em><strong><a href=\"https:\/\/www.cdc.gov\/parasites\/chagas\/\" target=\"_blank\" rel=\"noopener\">Sitio web de los CDC<\/a><\/strong> <\/em>y en los materiales de los CDC vinculados a continuaci\u00f3n.<\/p>\n\n\t\t<\/div> \n\t<\/div> \t<div class=\"vc_empty_space\"  style=\"height: 32px\" ><span\n\t\t\tclass=\"vc_empty_space_inner\">\n\t\t\t<span class=\"empty_space_image\"  ><\/span>\n\t\t<\/span><\/div>\n\n<div      class=\"vc_row wpb_row section vc_row-fluid vc_inner\" style=' text-align:left;'><div class=\"full_section_inner clearfix\"><div class=\"wpb_column vc_column_container vc_col-sm-6\"><div class=\"vc_column-inner\"><div class=\"wpb_wrapper\">\n\t<div class=\"wpb_single_image wpb_content_element vc_align_left\">\n\t\t<div class=\"wpb_wrapper\">\n\t\t\t\n\t\t\t<a href=\"https:\/\/www.cdc.gov\/parasites\/chagas\/resources\/es\/chagas_protect_your_baby_es.pdf\" target=\"_blank\"><div class=\"vc_single_image-wrapper   vc_box_border_grey\"><img fetchpriority=\"high\" decoding=\"async\" width=\"232\" height=\"300\" src=\"https:\/\/lasocha.org\/wp-content\/uploads\/2023\/02\/chagas_protect_your_baby_es-1-pdf-232x300.jpg\" class=\"vc_single_image-img attachment-medium\" alt=\"\" title=\"chagas_protege_a_tu_bebe_es\" \/><\/div><\/a>\n\t\t<\/div>\n\t<\/div>\n<\/div><\/div><\/div><div class=\"wpb_column vc_column_container vc_col-sm-6\"><div class=\"vc_column-inner\"><div class=\"wpb_wrapper\">\n\t<div class=\"wpb_single_image wpb_content_element vc_align_left\">\n\t\t<div class=\"wpb_wrapper\">\n\t\t\t\n\t\t\t<a href=\"https:\/\/www.cdc.gov\/parasites\/chagas\/resources\/chagas_protect_your_baby.pdf\" target=\"_blank\"><div class=\"vc_single_image-wrapper   vc_box_border_grey\"><img decoding=\"async\" width=\"232\" height=\"300\" src=\"https:\/\/lasocha.org\/wp-content\/uploads\/2023\/02\/chagas_protect_your_baby-pdf-232x300.jpg\" class=\"vc_single_image-img attachment-medium\" alt=\"\" title=\"Chagas: protege a tu beb\u00e9\" \/><\/div><\/a>\n\t\t<\/div>\n\t<\/div>\n<\/div><\/div><\/div><\/div><\/div>\t<div class=\"vc_empty_space\"  style=\"height: 28px\" ><span\n\t\t\tclass=\"vc_empty_space_inner\">\n\t\t\t<span class=\"empty_space_image\"  ><\/span>\n\t\t<\/span><\/div>\n\n\t<div class=\"vc_empty_space\"  style=\"height: 10px\" ><span\n\t\t\tclass=\"vc_empty_space_inner\">\n\t\t\t<span class=\"empty_space_image\"  ><\/span>\n\t\t<\/span><\/div>\n\n\n\t<div class=\"wpb_text_column wpb_content_element\">\n\t\t<div class=\"wpb_wrapper\">\n\t\t\t<h6>Fuente: CDC <a href=\"https:\/\/www.cdc.gov\/parasites\/chagas\/resources\/onepage.pdf\" target=\"_blank\" rel=\"noopener\">(Ingl\u00e9s)<\/a> <a href=\"https:\/\/www.cdc.gov\/parasites\/chagas\/resources\/es\/informativa_breve.pdf\" target=\"_blank\" rel=\"noopener\">(Espa\u00f1ol)<\/a><\/h6>\n<h6>El uso del material de los CDC, incluidos los enlaces a los materiales en los sitios web de los CDC, la ATSDR o el HHS, no implica la aprobaci\u00f3n por parte de los CDC, la ATSDR, el HHS o el gobierno de los Estados Unidos de esta organizaci\u00f3n o de los servicios prestados. La referencia a productos comerciales, fabricantes, empresas o marcas comerciales espec\u00edficos no constituye su respaldo o recomendaci\u00f3n por parte del gobierno de EE. UU., el Departamento de Salud y Servicios Humanos o los Centros para el Control y la Prevenci\u00f3n de Enfermedades.<\/h6>\n<h6>Materiales disponibles de forma gratuita en el sitio web de los CDC.<\/h6>\n\n\t\t<\/div> \n\t<\/div> <div class=\"separator  normal\" style=\"margin-bottom: 30pxpx;background-color: #afafaf;\"><\/div>\n<\/div><\/div><\/div><\/div><\/div><div      class=\"vc_row wpb_row section vc_row-fluid\" style=' text-align:left;'><div class=\"full_section_inner clearfix\"><div class=\"wpb_column vc_column_container vc_col-sm-12\"><div class=\"vc_column-inner\"><div class=\"wpb_wrapper\">\n\t<div class=\"wpb_text_column wpb_content_element\">\n\t\t<div class=\"wpb_wrapper\">\n\t\t\t<h2>\u00bfC\u00f3mo puedo saber si tengo la enfermedad de Chagas?<\/h2>\n\n\t\t<\/div> \n\t<\/div> \t<div class=\"vc_empty_space\"  style=\"height: 32px\" ><span\n\t\t\tclass=\"vc_empty_space_inner\">\n\t\t\t<span class=\"empty_space_image\"  ><\/span>\n\t\t<\/span><\/div>\n\n<div      class=\"vc_row wpb_row section vc_row-fluid vc_inner\" style=' text-align:left;'><div class=\"full_section_inner clearfix\"><div class=\"wpb_column vc_column_container vc_col-sm-6\"><div class=\"vc_column-inner\"><div class=\"wpb_wrapper\">\n\t<div class=\"wpb_text_column wpb_content_element\">\n\t\t<div class=\"wpb_wrapper\">\n\t\t\t<p><span style=\"font-weight: 400;\">Las mujeres que est\u00e1n embarazadas o pueden quedar embarazadas deben hacerse la prueba de la enfermedad de Chagas porque pueden transmitir la enfermedad a sus hijos. Si el resultado de la prueba de Chagas de su madre es positiva, es importante que usted y sus hermanos tambi\u00e9n se hagan la prueba. Un simple an\u00e1lisis de sangre puede ayudarte a saber si tienes la enfermedad de Chagas.<\/span><\/p>\n\n\t\t<\/div> \n\t<\/div> <\/div><\/div><\/div><div class=\"wpb_column vc_column_container vc_col-sm-6\"><div class=\"vc_column-inner\"><div class=\"wpb_wrapper\">\n\t<div class=\"wpb_text_column wpb_content_element\">\n\t\t<div class=\"wpb_wrapper\">\n\t\t\t<p><span style=\"font-weight: 400;\">Las pruebas para detectar la enfermedad de Chagas requieren un an\u00e1lisis de sangre. Muchos m\u00e9dicos no tienen experiencia con la enfermedad de Chagas y pueden no ofrecer la prueba de forma rutinaria. Si desea hacerse la prueba de detecci\u00f3n de la enfermedad de Chagas, debe hablar con su m\u00e9dico acerca de las opciones de prueba disponibles, o <a href=\"https:\/\/lasocha.org\/es\/contact\/\" target=\"_blank\" rel=\"noopener\"><strong><em>no dude en comunicarse con nosotros<\/em><\/strong><\/a> <u><\/u><\/span><span style=\"font-weight: 400;\">para obtener orientaci\u00f3n y recomendaciones.<\/span><\/p>\n\n\t\t<\/div> \n\t<\/div> <\/div><\/div><\/div><\/div><\/div><\/div><\/div><\/div><\/div><\/div><div      class=\"vc_row wpb_row section vc_row-fluid  vc_custom_1599706011258\" style=' text-align:left;'><div class=\"full_section_inner clearfix\"><div class=\"wpb_column vc_column_container vc_col-sm-12\"><div class=\"vc_column-inner\"><div class=\"wpb_wrapper\"><div class=\"separator  normal\" style=\"margin-bottom: 30pxpx;background-color: #afafaf;\"><\/div>\n<\/div><\/div><\/div><\/div><\/div><div      class=\"vc_row wpb_row section vc_row-fluid  vc_custom_1599706011258\" style=' text-align:left;'><div class=\"full_section_inner clearfix\"><div class=\"wpb_column vc_column_container vc_col-sm-12\"><div class=\"vc_column-inner\"><div class=\"wpb_wrapper\"><\/div><\/div><\/div><\/div><\/div><div      class=\"vc_row wpb_row section vc_row-fluid\" style=' text-align:left;'><div class=\"full_section_inner clearfix\"><div class=\"wpb_column vc_column_container vc_col-sm-12\"><div class=\"vc_column-inner\"><div class=\"wpb_wrapper\">\n\t<div class=\"wpb_text_column wpb_content_element\">\n\t\t<div class=\"wpb_wrapper\">\n\t\t\t<h1>\u00bfQu\u00e9 pasa si mi prueba da positivo?<\/h1>\n\n\t\t<\/div> \n\t<\/div> \t<div class=\"vc_empty_space\"  style=\"height: 32px\" ><span\n\t\t\tclass=\"vc_empty_space_inner\">\n\t\t\t<span class=\"empty_space_image\"  ><\/span>\n\t\t<\/span><\/div>\n\n<div class=\"wpb_gallery wpb_content_element vc_clearfix\"><div class=\"wpb_wrapper\"><div class=\"wpb_gallery_slides wpb_slider_nivo theme-default\" data-interval=\"10\"><div class=\"nivoSlider\"><a itemprop=\"image\" class=\"qode-prettyphoto\" href=\"https:\/\/lasocha.org\/wp-content\/uploads\/2023\/01\/lasocha_flyer_pregnancyen-1-pdf-791x1024.jpg\" data-rel=\"prettyPhoto[rel-427-2864515568]\"><img decoding=\"async\" width=\"1088\" height=\"1408\" src=\"https:\/\/lasocha.org\/wp-content\/uploads\/2023\/01\/lasocha_flyer_pregnancyen-1-pdf.jpg\" class=\"attachment-full\" alt=\"\" title=\"lasocha_flyer_embarazo\" \/><\/a><a itemprop=\"image\" class=\"qode-prettyphoto\" href=\"https:\/\/lasocha.org\/wp-content\/uploads\/2023\/01\/PregnancyandChagasSP-1-pdf-791x1024.jpg\" data-rel=\"prettyPhoto[rel-427-2864515568]\"><img loading=\"lazy\" decoding=\"async\" width=\"1088\" height=\"1408\" src=\"https:\/\/lasocha.org\/wp-content\/uploads\/2023\/01\/PregnancyandChagasSP-1-pdf.jpg\" class=\"attachment-full\" alt=\"\" title=\"Embarazo y ChagasSP\" \/><\/a><\/div><\/div><\/div><\/div><\/div><\/div><\/div><\/div><\/div><div      class=\"vc_row wpb_row section vc_row-fluid  vc_custom_1599706011258\" style=' text-align:left;'><div class=\"full_section_inner clearfix\"><div class=\"wpb_column vc_column_container vc_col-sm-12\"><div class=\"vc_column-inner\"><div class=\"wpb_wrapper\"><div class=\"separator  normal\" style=\"margin-bottom: 30pxpx;background-color: #afafaf;\"><\/div>\n<\/div><\/div><\/div><\/div><\/div><div      class=\"vc_row wpb_row section vc_row-fluid\" style=' text-align:left;'><div class=\"full_section_inner clearfix\"><div class=\"wpb_column vc_column_container vc_col-sm-12\"><div class=\"vc_column-inner\"><div class=\"wpb_wrapper\">\n\t<div class=\"wpb_text_column wpb_content_element  vc_custom_1674076444568\">\n\t\t<div class=\"wpb_wrapper\">\n\t\t\t<h2>Usted no se encuentra solo, \u00fanase a la Red de Pacientes.<\/h2>\n<p><strong>Una de las metas de LASOCHA es concientizar a la comunidad en riesgo. Es importante recordar que no est\u00e1s solo. Por eso, nos gustar\u00eda que se una a nuestra red de pacientes y se mantenga conectado. Al convertirse en parte de la creciente familia LASOCHA, se le brindar\u00e1 la informaci\u00f3n m\u00e1s reciente sobre la enfermedad de Chagas en los Estados Unidos. Adem\u00e1s, puede conectarse con otros miembros de la red para intercambiar experiencias y brindar apoyo. \u00a1Luchemos juntos contra la enfermedad de Chagas!<\/strong><\/p>\n<p>&nbsp;<\/p>\n\n<div class=\"wpcf7 no-js\" id=\"wpcf7-f137-o1\" lang=\"en-US\" dir=\"ltr\" data-wpcf7-id=\"137\">\n<div class=\"screen-reader-response\"><p role=\"status\" aria-live=\"polite\" aria-atomic=\"true\"><\/p> <ul><\/ul><\/div>\n<form action=\"\/es\/wp-json\/wp\/v2\/pages\/427#wpcf7-f137-o1\" method=\"post\" class=\"wpcf7-form init cf7_custom_style_2\" aria-label=\"Formulario de contacto\" novalidate=\"novalidate\" data-status=\"init\" data-trp-original-action=\"\/es\/wp-json\/wp\/v2\/pages\/427#wpcf7-f137-o1\">\n<div style=\"display: none;\">\n<input type=\"hidden\" name=\"_wpcf7\" value=\"137\" \/>\n<input type=\"hidden\" name=\"_wpcf7_version\" value=\"6.0.6\" \/>\n<input type=\"hidden\" name=\"_wpcf7_locale\" value=\"en_US\" \/>\n<input type=\"hidden\" name=\"_wpcf7_unit_tag\" value=\"wpcf7-f137-o1\" \/>\n<input type=\"hidden\" name=\"_wpcf7_container_post\" value=\"0\" \/>\n<input type=\"hidden\" name=\"_wpcf7_posted_data_hash\" value=\"\" \/>\n<\/div>\n<p><span class=\"wpcf7-form-control-wrap\" data-name=\"text-102\"><input size=\"40\" maxlength=\"400\" class=\"wpcf7-form-control wpcf7-text wpcf7-validates-as-required\" aria-required=\"true\" aria-invalid=\"false\" placeholder=\"Nombre completo*\" value=\"\" type=\"text\" name=\"text-102\" \/><\/span><span class=\"wpcf7-form-control-wrap\" data-name=\"email-948\"><input size=\"40\" maxlength=\"400\" class=\"wpcf7-form-control wpcf7-email wpcf7-validates-as-required wpcf7-text wpcf7-validates-as-email\" aria-required=\"true\" aria-invalid=\"false\" placeholder=\"Correo electr\u00f3nico*\" value=\"\" type=\"email\" name=\"email-948\" \/><\/span><input class=\"wpcf7-form-control wpcf7-submit has-spinner\" type=\"submit\" value=\"Enviar\" \/>\n<\/p><p style=\"display: none !important;\"><label>&#916;<textarea name=\"_wpcf7_ak_hp_textarea\" cols=\"45\" rows=\"8\" maxlength=\"100\"><\/textarea><\/label><input type=\"hidden\" id=\"ak_js_1\" name=\"_wpcf7_ak_js\" value=\"63\"\/><script>document.getElementById( \"ak_js_1\" ).setAttribute( \"value\", ( new Date() ).getTime() );<\/script><\/p><input type='hidden' class='wpcf7-pum' value='{\"closepopup\":false,\"closedelay\":0,\"openpopup\":false,\"openpopup_id\":0}' \/><div class=\"wpcf7-response-output\" aria-hidden=\"true\"><\/div>\n<input type=\"hidden\" name=\"trp-form-language\" value=\"es\"\/><\/form>\n<\/div>\n\n\n\t\t<\/div> \n\t<\/div> <\/div><\/div><\/div><\/div><\/div>\n<\/div>","protected":false},"excerpt":{"rendered":"Embarazo y enfermedad de Chagas \u00bfD\u00f3nde puedo encontrar informaci\u00f3n sobre la enfermedad de Chagas y el embarazo? Esta p\u00e1gina tiene informaci\u00f3n sobre la enfermedad de Chagas y el embarazo. (Si est\u00e1 embarazada y dio positivo, haga clic aqu\u00ed). Hay informaci\u00f3n general sobre la enfermedad de Chagas aqu\u00ed. T\u00fa tambi\u00e9n puedes...","protected":false},"author":6,"featured_media":0,"parent":0,"menu_order":0,"comment_status":"closed","ping_status":"closed","template":"","meta":{"footnotes":""},"class_list":["post-427","page","type-page","status-publish","hentry"],"jetpack_sharing_enabled":true,"_links":{"self":[{"href":"https:\/\/lasocha.org\/es\/wp-json\/wp\/v2\/pages\/427","targetHints":{"allow":["GET"]}}],"collection":[{"href":"https:\/\/lasocha.org\/es\/wp-json\/wp\/v2\/pages"}],"about":[{"href":"https:\/\/lasocha.org\/es\/wp-json\/wp\/v2\/types\/page"}],"author":[{"embeddable":true,"href":"https:\/\/lasocha.org\/es\/wp-json\/wp\/v2\/users\/6"}],"replies":[{"embeddable":true,"href":"https:\/\/lasocha.org\/es\/wp-json\/wp\/v2\/comments?post=427"}],"version-history":[{"count":51,"href":"https:\/\/lasocha.org\/es\/wp-json\/wp\/v2\/pages\/427\/revisions"}],"predecessor-version":[{"id":971,"href":"https:\/\/lasocha.org\/es\/wp-json\/wp\/v2\/pages\/427\/revisions\/971"}],"wp:attachment":[{"href":"https:\/\/lasocha.org\/es\/wp-json\/wp\/v2\/media?parent=427"}],"curies":[{"name":"wp","href":"https:\/\/api.w.org\/{rel}","templated":true}]}}