{"id":458,"date":"2023-01-26T16:42:25","date_gmt":"2023-01-26T21:42:25","guid":{"rendered":"https:\/\/lasocha.org\/?page_id=458"},"modified":"2025-08-24T21:07:53","modified_gmt":"2025-08-25T01:07:53","slug":"resources-patients","status":"publish","type":"page","link":"https:\/\/lasocha.org\/es\/resources-patients\/","title":{"rendered":"Recursos para pacientes"},"content":{"rendered":"<div class=\"wpb-content-wrapper\"><div      class=\"vc_row wpb_row section vc_row-fluid  vc_custom_1600719118489\" style=' text-align:left;'><div class=\"full_section_inner clearfix\"><div class=\"wpb_column vc_column_container vc_col-sm-12\"><div class=\"vc_column-inner\"><div class=\"wpb_wrapper\"><\/div><\/div><\/div><\/div><\/div><div      class=\"vc_row wpb_row section vc_row-fluid\" style=' text-align:left;'><div class=\"full_section_inner clearfix\"><div class=\"wpb_column vc_column_container vc_col-sm-12\"><div class=\"vc_column-inner\"><div class=\"wpb_wrapper\"><div class=\"separator  normal\" style=\"margin-bottom: 30pxpx;background-color: #afafaf;\"><\/div>\n\n\t<div class=\"wpb_text_column wpb_content_element\">\n\t\t<div class=\"wpb_wrapper\">\n\t\t\t<h3>Recursos para pacientes<\/h3>\n\n\t\t<\/div> \n\t<\/div> \t<div class=\"vc_empty_space\"  style=\"height: 20px\" ><span\n\t\t\tclass=\"vc_empty_space_inner\">\n\t\t\t<span class=\"empty_space_image\"  ><\/span>\n\t\t<\/span><\/div>\n\n\t<div class=\"vc_empty_space\"  style=\"height: 20px\" ><span\n\t\t\tclass=\"vc_empty_space_inner\">\n\t\t\t<span class=\"empty_space_image\"  ><\/span>\n\t\t<\/span><\/div>\n\n\t<div class=\"vc_empty_space\"  style=\"height: 20px\" ><span\n\t\t\tclass=\"vc_empty_space_inner\">\n\t\t\t<span class=\"empty_space_image\"  ><\/span>\n\t\t<\/span><\/div>\n\n<div class=\"separator  normal\" style=\"\"><\/div>\n\n\t<div class=\"wpb_text_column wpb_content_element\">\n\t\t<div class=\"wpb_wrapper\">\n\t\t\t<h3>V\u00cdDEOS<\/h3>\n\n\t\t<\/div> \n\t<\/div> \t<div class=\"vc_empty_space\"  style=\"height: 20px\" ><span\n\t\t\tclass=\"vc_empty_space_inner\">\n\t\t\t<span class=\"empty_space_image\"  ><\/span>\n\t\t<\/span><\/div>\n\n\n\t<div class=\"wpb_video_widget wpb_content_element vc_clearfix   vc_video-aspect-ratio-169 vc_video-el-width-100 vc_video-align-left\" >\n\t\t<div class=\"wpb_wrapper\">\n\t\t\t\n\t\t\t<div class=\"wpb_video_wrapper\"><iframe title=\"SololagenteChagas\" width=\"500\" height=\"281\" src=\"https:\/\/www.youtube.com\/embed\/_CqJaM-BonI?start=2&feature=oembed\" frameborder=\"0\" allow=\"accelerometer; autoplay; clipboard-write; encrypted-media; gyroscope; picture-in-picture; web-share\" referrerpolicy=\"strict-origin-when-cross-origin\" allowfullscreen><\/iframe><\/div>\n\t\t<\/div>\n\t<\/div>\n\t<div class=\"vc_empty_space\"  style=\"height: 32px\" ><span\n\t\t\tclass=\"vc_empty_space_inner\">\n\t\t\t<span class=\"empty_space_image\"  ><\/span>\n\t\t<\/span><\/div>\n\n\n\t<div class=\"wpb_video_widget wpb_content_element vc_clearfix   vc_video-aspect-ratio-169 vc_video-el-width-100 vc_video-align-left\" >\n\t\t<div class=\"wpb_wrapper\">\n\t\t\t\n\t\t\t<div class=\"wpb_video_wrapper\"><iframe title=\"Chagas 181224En\" width=\"500\" height=\"281\" src=\"https:\/\/www.youtube.com\/embed\/aBZ7fMCefLg?feature=oembed\" frameborder=\"0\" allow=\"accelerometer; autoplay; clipboard-write; encrypted-media; gyroscope; picture-in-picture; web-share\" referrerpolicy=\"strict-origin-when-cross-origin\" allowfullscreen><\/iframe><\/div>\n\t\t<\/div>\n\t<\/div>\n\t<div class=\"vc_empty_space\"  style=\"height: 32px\" ><span\n\t\t\tclass=\"vc_empty_space_inner\">\n\t\t\t<span class=\"empty_space_image\"  ><\/span>\n\t\t<\/span><\/div>\n\n\t<div class=\"vc_empty_space\"  style=\"height: 32px\" ><span\n\t\t\tclass=\"vc_empty_space_inner\">\n\t\t\t<span class=\"empty_space_image\"  ><\/span>\n\t\t<\/span><\/div>\n\n<div class=\"separator  normal\" style=\"\"><\/div>\n<\/div><\/div><\/div><\/div><\/div><div      class=\"vc_row wpb_row section vc_row-fluid\" style=' text-align:left;'><div class=\"full_section_inner clearfix\"><div class=\"wpb_column vc_column_container vc_col-sm-12\"><div class=\"vc_column-inner\"><div class=\"wpb_wrapper\">\n\t<div class=\"wpb_text_column wpb_content_element\">\n\t\t<div class=\"wpb_wrapper\">\n\t\t\t<h3>Folleto de informaci\u00f3n para el paciente<\/h3>\n<h5>(Haga clic en las im\u00e1genes para abrir enlaces imprimibles)<\/h5>\n\n\t\t<\/div> \n\t<\/div> \t<div class=\"vc_empty_space\"  style=\"height: 32px\" ><span\n\t\t\tclass=\"vc_empty_space_inner\">\n\t\t\t<span class=\"empty_space_image\"  ><\/span>\n\t\t<\/span><\/div>\n\n\n\t<div class=\"wpb_single_image wpb_content_element vc_align_left\">\n\t\t<div class=\"wpb_wrapper\">\n\t\t\t\n\t\t\t<a href=\"https:\/\/lasocha.org\/wp-content\/uploads\/2024\/10\/Chagas1final10-24-scaled.jpg\" target=\"_blank\"><div class=\"vc_single_image-wrapper   vc_box_border_grey\"><img fetchpriority=\"high\" decoding=\"async\" width=\"1024\" height=\"796\" src=\"https:\/\/lasocha.org\/wp-content\/uploads\/2024\/10\/Chagas1final10-24-1024x796.jpg\" class=\"vc_single_image-img attachment-large\" alt=\"\" title=\"Chagas1final10-24\" srcset=\"https:\/\/lasocha.org\/wp-content\/uploads\/2024\/10\/Chagas1final10-24-1024x796.jpg 1024w, https:\/\/lasocha.org\/wp-content\/uploads\/2024\/10\/Chagas1final10-24-300x233.jpg 300w, https:\/\/lasocha.org\/wp-content\/uploads\/2024\/10\/Chagas1final10-24-768x597.jpg 768w, https:\/\/lasocha.org\/wp-content\/uploads\/2024\/10\/Chagas1final10-24-1536x1195.jpg 1536w, https:\/\/lasocha.org\/wp-content\/uploads\/2024\/10\/Chagas1final10-24-2048x1593.jpg 2048w, https:\/\/lasocha.org\/wp-content\/uploads\/2024\/10\/Chagas1final10-24-15x12.jpg 15w, https:\/\/lasocha.org\/wp-content\/uploads\/2024\/10\/Chagas1final10-24-700x544.jpg 700w\" sizes=\"(max-width: 1024px) 100vw, 1024px\" \/><\/div><\/a>\n\t\t<\/div>\n\t<\/div>\n\t<div class=\"vc_empty_space\"  style=\"height: 8px\" ><span\n\t\t\tclass=\"vc_empty_space_inner\">\n\t\t\t<span class=\"empty_space_image\"  ><\/span>\n\t\t<\/span><\/div>\n\n\n\t<div class=\"wpb_single_image wpb_content_element vc_align_left\">\n\t\t<div class=\"wpb_wrapper\">\n\t\t\t\n\t\t\t<a href=\"https:\/\/lasocha.org\/wp-content\/uploads\/2024\/10\/Chagas2final10-24-scaled.jpg\" target=\"_blank\"><div class=\"vc_single_image-wrapper   vc_box_border_grey\"><img decoding=\"async\" width=\"1024\" height=\"796\" src=\"https:\/\/lasocha.org\/wp-content\/uploads\/2024\/10\/Chagas2final10-24-1024x796.jpg\" class=\"vc_single_image-img attachment-large\" alt=\"\" title=\"Chagas2final10-24\" srcset=\"https:\/\/lasocha.org\/wp-content\/uploads\/2024\/10\/Chagas2final10-24-1024x796.jpg 1024w, https:\/\/lasocha.org\/wp-content\/uploads\/2024\/10\/Chagas2final10-24-300x233.jpg 300w, https:\/\/lasocha.org\/wp-content\/uploads\/2024\/10\/Chagas2final10-24-768x597.jpg 768w, https:\/\/lasocha.org\/wp-content\/uploads\/2024\/10\/Chagas2final10-24-1536x1195.jpg 1536w, https:\/\/lasocha.org\/wp-content\/uploads\/2024\/10\/Chagas2final10-24-2048x1593.jpg 2048w, https:\/\/lasocha.org\/wp-content\/uploads\/2024\/10\/Chagas2final10-24-15x12.jpg 15w, https:\/\/lasocha.org\/wp-content\/uploads\/2024\/10\/Chagas2final10-24-700x544.jpg 700w\" sizes=\"(max-width: 1024px) 100vw, 1024px\" \/><\/div><\/a>\n\t\t<\/div>\n\t<\/div>\n\t<div class=\"vc_empty_space\"  style=\"height: 32px\" ><span\n\t\t\tclass=\"vc_empty_space_inner\">\n\t\t\t<span class=\"empty_space_image\"  ><\/span>\n\t\t<\/span><\/div>\n\n\t<div class=\"vc_empty_space\"  style=\"height: 32px\" ><span\n\t\t\tclass=\"vc_empty_space_inner\">\n\t\t\t<span class=\"empty_space_image\"  ><\/span>\n\t\t<\/span><\/div>\n\n<div class=\"separator  normal\" style=\"\"><\/div>\n<\/div><\/div><\/div><div class=\"wpb_column vc_column_container vc_col-sm-12\"><div class=\"vc_column-inner\"><div class=\"wpb_wrapper\">\n\t<div class=\"wpb_text_column wpb_content_element\">\n\t\t<div class=\"wpb_wrapper\">\n\t\t\t<h3>Hoja informativa de los CDC<\/h3>\n\n\t\t<\/div> \n\t<\/div> \t<div class=\"vc_empty_space\"  style=\"height: 32px\" ><span\n\t\t\tclass=\"vc_empty_space_inner\">\n\t\t\t<span class=\"empty_space_image\"  ><\/span>\n\t\t<\/span><\/div>\n\n<div      class=\"vc_row wpb_row section vc_row-fluid vc_inner\" style=' text-align:left;'><div class=\"full_section_inner clearfix\"><div class=\"wpb_column vc_column_container vc_col-sm-6\"><div class=\"vc_column-inner\"><div class=\"wpb_wrapper\">\n\t<div class=\"wpb_single_image wpb_content_element vc_align_left\">\n\t\t<div class=\"wpb_wrapper\">\n\t\t\t\n\t\t\t<a href=\"https:\/\/www.cdc.gov\/parasites\/chagas\/resources\/es\/informativa_breve.pdf\" target=\"_blank\"><div class=\"vc_single_image-wrapper   vc_box_border_grey\"><img decoding=\"async\" width=\"791\" height=\"1024\" src=\"https:\/\/lasocha.org\/wp-content\/uploads\/2023\/02\/informativa_breve-pdf-791x1024.jpg\" class=\"vc_single_image-img attachment-large\" alt=\"\" title=\"informativa_breve\" \/><\/div><\/a>\n\t\t<\/div>\n\t<\/div>\n<\/div><\/div><\/div><div class=\"wpb_column vc_column_container vc_col-sm-6\"><div class=\"vc_column-inner\"><div class=\"wpb_wrapper\">\n\t<div class=\"wpb_single_image wpb_content_element vc_align_left\">\n\t\t<div class=\"wpb_wrapper\">\n\t\t\t\n\t\t\t<a href=\"https:\/\/www.cdc.gov\/parasites\/chagas\/resources\/onepage.pdf\" target=\"_blank\"><div class=\"vc_single_image-wrapper   vc_box_border_grey\"><img loading=\"lazy\" decoding=\"async\" width=\"791\" height=\"1024\" src=\"https:\/\/lasocha.org\/wp-content\/uploads\/2023\/02\/onepage-3-pdf-791x1024.jpg\" class=\"vc_single_image-img attachment-large\" alt=\"\" title=\"una p\u00e1gina-3\" \/><\/div><\/a>\n\t\t<\/div>\n\t<\/div>\n<\/div><\/div><\/div><\/div><\/div>\t<div class=\"vc_empty_space\"  style=\"height: 32px\" ><span\n\t\t\tclass=\"vc_empty_space_inner\">\n\t\t\t<span class=\"empty_space_image\"  ><\/span>\n\t\t<\/span><\/div>\n\n\n\t<div class=\"wpb_text_column wpb_content_element\">\n\t\t<div class=\"wpb_wrapper\">\n\t\t\t<h6>Fuente: CDC <em><a href=\"https:\/\/www.cdc.gov\/parasites\/chagas\/resources\/onepage.pdf\" target=\"_blank\" rel=\"noopener\">(Ingl\u00e9s)<\/a> <a href=\"https:\/\/www.cdc.gov\/parasites\/chagas\/resources\/es\/informativa_breve.pdf\" target=\"_blank\" rel=\"noopener\">(Espa\u00f1ol)<\/a><\/em><\/h6>\n<h6>El uso del material de los CDC, incluidos los enlaces a los materiales en los sitios web de los CDC, la ATSDR o el HHS, no implica la aprobaci\u00f3n por parte de los CDC, la ATSDR, el HHS o el gobierno de los Estados Unidos de esta organizaci\u00f3n o de los servicios prestados. La referencia a productos comerciales, fabricantes, empresas o marcas comerciales espec\u00edficos no constituye su respaldo o recomendaci\u00f3n por parte del gobierno de EE. UU., el Departamento de Salud y Servicios Humanos o los Centros para el Control y la Prevenci\u00f3n de Enfermedades.<\/h6>\n<h6>Materiales disponibles de forma gratuita en el sitio web de los CDC.<\/h6>\n\n\t\t<\/div> \n\t<\/div> \t<div class=\"vc_empty_space\"  style=\"height: 32px\" ><span\n\t\t\tclass=\"vc_empty_space_inner\">\n\t\t\t<span class=\"empty_space_image\"  ><\/span>\n\t\t<\/span><\/div>\n\n\t<div class=\"vc_empty_space\"  style=\"height: 32px\" ><span\n\t\t\tclass=\"vc_empty_space_inner\">\n\t\t\t<span class=\"empty_space_image\"  ><\/span>\n\t\t<\/span><\/div>\n\n<div class=\"separator  normal\" style=\"margin-bottom: 30pxpx;background-color: #afafaf;\"><\/div>\n<\/div><\/div><\/div><div class=\"wpb_column vc_column_container vc_col-sm-12\"><div class=\"vc_column-inner\"><div class=\"wpb_wrapper\">\n\t<div class=\"wpb_text_column wpb_content_element\">\n\t\t<div class=\"wpb_wrapper\">\n\t\t\t<h3>Enlaces<\/h3>\n\n\t\t<\/div> \n\t<\/div> \n\t<div class=\"wpb_text_column wpb_content_element\">\n\t\t<div class=\"wpb_wrapper\">\n\t\t\t<p><em><a href=\"https:\/\/www.nbcnews.com\/health\/health-news\/doctors-push-aggressive-efforts-fight-chagas-disease-silent-killer-rcna99859\" target=\"_blank\" rel=\"noopener\">Reportaje informativo sobre la enfermedad de Chagas<\/a><\/em><\/p>\n<p><em><a href=\"http:\/\/www.benznidazoletablets.com\/en\/\" target=\"_blank\" rel=\"noopener\">Comprimidos de Beneznidazol<\/a><\/em><\/p>\n<p><em><a href=\"https:\/\/www.mundosano.org\/es\/\" target=\"_blank\" rel=\"noopener\">Mundo Sano<\/a><\/em><\/p>\n<p><em><a href=\"https:\/\/dndi.org\" target=\"_blank\" rel=\"noopener\">Iniciativa Medicamentos para Enfermedades Olvidadas (DNDi)<\/a><\/em><\/p>\n<p><em><a href=\"https:\/\/wp.uthscsa.edu\/echo\/echo-programs\/chagas-disease\/\" target=\"_blank\" rel=\"noopener\">Proyecto ECO<\/a><\/em><\/p>\n<p><em><a href=\"https:\/\/www.coalicionchagas.org\/en\/\" target=\"_blank\" rel=\"noopener\">Coalici\u00f3n Chagas<\/a><\/em><\/p>\n<p><em><a href=\"https:\/\/chagasus.org\/what-is-chagas-disease\/\" target=\"_blank\" rel=\"noopener\">El Centro de Excelencia Chagas<\/a><\/em><\/p>\n<p><em><a href=\"https:\/\/kissingbug.tamu.edu\/FAQ\/\" target=\"_blank\" rel=\"noopener\">Kissing Bug Comunidad Ciencia<\/a><\/em><\/p>\n<p class=\"x1heor9g x1qlqyl8 x1pd3egz x1a2a7pz\"><em><a href=\"https:\/\/www.facebook.com\/TexasChagasTaskforce\/\" target=\"_blank\" rel=\"noopener\">Grupo de trabajo de Texas Chagas<\/a><\/em><\/p>\n<p><em><a href=\"https:\/\/www.paho.org\/en\/topics\/chagas-disease\" target=\"_blank\" rel=\"noopener\">OPS: Enfermedad de Chagas<\/a><\/em><\/p>\n<p><em><a href=\"https:\/\/www.cdc.gov\/parasites\/chagas\/index.html\" target=\"_blank\" rel=\"noopener\">Recursos de los CDC sobre Chagas<\/a><\/em><\/p>\n<p><em><a href=\"https:\/\/medlineplus.gov\/chagasdisease.html\" target=\"_blank\" rel=\"noopener\">NIH: Chagas<\/a><\/em><\/p>\n<p><em><a href=\"https:\/\/world-heart-federation.org\/wp-content\/uploads\/2021\/04\/Chagas-Disease-Infographic-WHF.pdf\" target=\"_blank\" rel=\"noopener\">Federaci\u00f3n Mundial del Coraz\u00f3n<\/a><\/em><\/p>\n<p><em><a href=\"https:\/\/iris.paho.org\/bitstream\/handle\/10665.2\/49653\/9789275320433_spa.pdf?sequence=9&amp;isAllowed=y\" target=\"_blank\" rel=\"noopener\">Gu\u00eda de Diagn\u00f3stico y Tratamiento de la OPS (espa\u00f1ol)<\/a><\/em><\/p>\n<p><em><a href=\"https:\/\/iris.paho.org\/bitstream\/handle\/10665.2\/49653\/9789275120439_eng.pdf?sequence=6&amp;isAllowed=y\" target=\"_blank\" rel=\"noopener\">Gu\u00eda de Diagn\u00f3stico y Tratamiento de la OPS (ingl\u00e9s)<\/a><\/em><\/p>\n\n\t\t<\/div> \n\t<\/div> \t<div class=\"vc_empty_space\"  style=\"height: 32px\" ><span\n\t\t\tclass=\"vc_empty_space_inner\">\n\t\t\t<span class=\"empty_space_image\"  ><\/span>\n\t\t<\/span><\/div>\n\n<div class=\"separator  normal\" style=\"\"><\/div>\n\t<div class=\"vc_empty_space\"  style=\"height: 32px\" ><span\n\t\t\tclass=\"vc_empty_space_inner\">\n\t\t\t<span class=\"empty_space_image\"  ><\/span>\n\t\t<\/span><\/div>\n\n\n\t<div class=\"wpb_text_column wpb_content_element\">\n\t\t<div class=\"wpb_wrapper\">\n\t\t\t<h4><em><strong><a href=\"https:\/\/lasocha.org\/es\/resources-patients-and-pregnancy\/\" target=\"_blank\" rel=\"noopener\">Para obtener informaci\u00f3n sobre la enfermedad de Chagas en el embarazo, haga clic aqu\u00ed para ver nuestros recursos para el embarazo.<\/a><\/strong><\/em><\/h4>\n\n\t\t<\/div> \n\t<\/div> \t<div class=\"vc_empty_space\"  style=\"height: 32px\" ><span\n\t\t\tclass=\"vc_empty_space_inner\">\n\t\t\t<span class=\"empty_space_image\"  ><\/span>\n\t\t<\/span><\/div>\n\n<div class=\"separator  normal\" style=\"\"><\/div>\n\t<div class=\"vc_empty_space\"  style=\"height: 32px\" ><span\n\t\t\tclass=\"vc_empty_space_inner\">\n\t\t\t<span class=\"empty_space_image\"  ><\/span>\n\t\t<\/span><\/div>\n\n<\/div><\/div><\/div><\/div><\/div><div      class=\"vc_row wpb_row section vc_row-fluid\" style=' text-align:left;'><div class=\"full_section_inner clearfix\"><div class=\"wpb_column vc_column_container vc_col-sm-12\"><div class=\"vc_column-inner\"><div class=\"wpb_wrapper\">\n\t<div class=\"wpb_text_column wpb_content_element  vc_custom_1674076444568\">\n\t\t<div class=\"wpb_wrapper\">\n\t\t\t<h2>Usted no se encuentra solo, \u00fanase a la Red de Pacientes.<\/h2>\n<p><strong>Una de las metas de LASOCHA es concientizar a la comunidad en riesgo. Es importante recordar que no est\u00e1s solo. Por eso, nos gustar\u00eda que se una a nuestra red de pacientes y se mantenga conectado. Al convertirse en parte de la creciente familia LASOCHA, se le brindar\u00e1 la informaci\u00f3n m\u00e1s reciente sobre la enfermedad de Chagas en los Estados Unidos. Adem\u00e1s, puede conectarse con otros miembros de la red para intercambiar experiencias y brindar apoyo. \u00a1Luchemos juntos contra la enfermedad de Chagas!<\/strong><\/p>\n<p>&nbsp;<\/p>\n\n<div class=\"wpcf7 no-js\" id=\"wpcf7-f137-o1\" lang=\"en-US\" dir=\"ltr\" data-wpcf7-id=\"137\">\n<div class=\"screen-reader-response\"><p role=\"status\" aria-live=\"polite\" aria-atomic=\"true\"><\/p> <ul><\/ul><\/div>\n<form action=\"\/es\/wp-json\/wp\/v2\/pages\/458#wpcf7-f137-o1\" method=\"post\" class=\"wpcf7-form init cf7_custom_style_2\" aria-label=\"Formulario de contacto\" novalidate=\"novalidate\" data-status=\"init\" data-trp-original-action=\"\/es\/wp-json\/wp\/v2\/pages\/458#wpcf7-f137-o1\">\n<div style=\"display: none;\">\n<input type=\"hidden\" name=\"_wpcf7\" value=\"137\" \/>\n<input type=\"hidden\" name=\"_wpcf7_version\" value=\"6.0.6\" \/>\n<input type=\"hidden\" name=\"_wpcf7_locale\" value=\"en_US\" \/>\n<input type=\"hidden\" name=\"_wpcf7_unit_tag\" value=\"wpcf7-f137-o1\" \/>\n<input type=\"hidden\" name=\"_wpcf7_container_post\" value=\"0\" \/>\n<input type=\"hidden\" name=\"_wpcf7_posted_data_hash\" value=\"\" \/>\n<\/div>\n<p><span class=\"wpcf7-form-control-wrap\" data-name=\"text-102\"><input size=\"40\" maxlength=\"400\" class=\"wpcf7-form-control wpcf7-text wpcf7-validates-as-required\" aria-required=\"true\" aria-invalid=\"false\" placeholder=\"Nombre completo*\" value=\"\" type=\"text\" name=\"text-102\" \/><\/span><span class=\"wpcf7-form-control-wrap\" data-name=\"email-948\"><input size=\"40\" maxlength=\"400\" class=\"wpcf7-form-control wpcf7-email wpcf7-validates-as-required wpcf7-text wpcf7-validates-as-email\" aria-required=\"true\" aria-invalid=\"false\" placeholder=\"Correo electr\u00f3nico*\" value=\"\" type=\"email\" name=\"email-948\" \/><\/span><input class=\"wpcf7-form-control wpcf7-submit has-spinner\" type=\"submit\" value=\"Enviar\" \/>\n<\/p><p style=\"display: none !important;\"><label>&#916;<textarea name=\"_wpcf7_ak_hp_textarea\" cols=\"45\" rows=\"8\" maxlength=\"100\"><\/textarea><\/label><input type=\"hidden\" id=\"ak_js_1\" name=\"_wpcf7_ak_js\" value=\"164\"\/><script>document.getElementById( \"ak_js_1\" ).setAttribute( \"value\", ( new Date() ).getTime() );<\/script><\/p><input type='hidden' class='wpcf7-pum' value='{\"closepopup\":false,\"closedelay\":0,\"openpopup\":false,\"openpopup_id\":0}' \/><div class=\"wpcf7-response-output\" aria-hidden=\"true\"><\/div>\n<input type=\"hidden\" name=\"trp-form-language\" value=\"es\"\/><\/form>\n<\/div>\n\n\n\t\t<\/div> \n\t<\/div> <\/div><\/div><\/div><\/div><\/div>\n<\/div>","protected":false},"excerpt":{"rendered":"Videos de recursos para pacientes Folleto de informaci\u00f3n para el paciente (haga clic en las im\u00e1genes para abrir enlaces imprimibles) Hoja informativa de los CDC Fuente: CDC (ingl\u00e9s) (espa\u00f1ol) El uso del material de los CDC, incluidos los enlaces a los materiales de los sitios web de los CDC, la ATSDR o el HHS, no implica el respaldo de los CDC, la ATSDR, el HHS o...","protected":false},"author":6,"featured_media":0,"parent":0,"menu_order":0,"comment_status":"closed","ping_status":"closed","template":"","meta":{"footnotes":""},"class_list":["post-458","page","type-page","status-publish","hentry"],"jetpack_sharing_enabled":true,"_links":{"self":[{"href":"https:\/\/lasocha.org\/es\/wp-json\/wp\/v2\/pages\/458","targetHints":{"allow":["GET"]}}],"collection":[{"href":"https:\/\/lasocha.org\/es\/wp-json\/wp\/v2\/pages"}],"about":[{"href":"https:\/\/lasocha.org\/es\/wp-json\/wp\/v2\/types\/page"}],"author":[{"embeddable":true,"href":"https:\/\/lasocha.org\/es\/wp-json\/wp\/v2\/users\/6"}],"replies":[{"embeddable":true,"href":"https:\/\/lasocha.org\/es\/wp-json\/wp\/v2\/comments?post=458"}],"version-history":[{"count":33,"href":"https:\/\/lasocha.org\/es\/wp-json\/wp\/v2\/pages\/458\/revisions"}],"predecessor-version":[{"id":1001,"href":"https:\/\/lasocha.org\/es\/wp-json\/wp\/v2\/pages\/458\/revisions\/1001"}],"wp:attachment":[{"href":"https:\/\/lasocha.org\/es\/wp-json\/wp\/v2\/media?parent=458"}],"curies":[{"name":"wp","href":"https:\/\/api.w.org\/{rel}","templated":true}]}}