{"id":489,"date":"2023-01-26T17:27:58","date_gmt":"2023-01-26T22:27:58","guid":{"rendered":"https:\/\/lasocha.org\/?page_id=489"},"modified":"2024-10-08T03:19:09","modified_gmt":"2024-10-08T07:19:09","slug":"what-if-i-am-pregnant-and-test-positive","status":"publish","type":"page","link":"https:\/\/lasocha.org\/es\/what-if-i-am-pregnant-and-test-positive\/","title":{"rendered":"\u00bfQu\u00e9 pasa si estoy embarazada y la prueba sale positiva?"},"content":{"rendered":"<div class=\"wpb-content-wrapper\"><div      class=\"vc_row wpb_row section vc_row-fluid\" style=' text-align:left;'><div class=\"full_section_inner clearfix\"><div class=\"wpb_column vc_column_container vc_col-sm-12\"><div class=\"vc_column-inner\"><div class=\"wpb_wrapper\">\n\t<div class=\"wpb_text_column wpb_content_element\">\n\t\t<div class=\"wpb_wrapper\">\n\t\t\t<h1>\u00bfQu\u00e9 sucede si estoy embarazada y mi prueba de Chagas result\u00f3 positiva?<\/h1>\n\n\t\t<\/div> \n\t<\/div> \t<div class=\"vc_empty_space\"  style=\"height: 32px\" ><span\n\t\t\tclass=\"vc_empty_space_inner\">\n\t\t\t<span class=\"empty_space_image\"  ><\/span>\n\t\t<\/span><\/div>\n\n<div class=\"wpb_gallery wpb_content_element vc_clearfix\"><div class=\"wpb_wrapper\"><div class=\"wpb_gallery_slides wpb_slider_nivo theme-default\" data-interval=\"3\"><div class=\"nivoSlider\"><a itemprop=\"image\" class=\"qode-prettyphoto\" href=\"https:\/\/lasocha.org\/wp-content\/uploads\/2023\/01\/PregnancyandChagasSP-1-pdf-791x1024.jpg\" data-rel=\"prettyPhoto[rel-489-2697222707]\"><img fetchpriority=\"high\" decoding=\"async\" width=\"1088\" height=\"1408\" src=\"https:\/\/lasocha.org\/wp-content\/uploads\/2023\/01\/PregnancyandChagasSP-1-pdf.jpg\" class=\"attachment-full\" alt=\"\" title=\"Embarazo y ChagasSP\" \/><\/a><a itemprop=\"image\" class=\"qode-prettyphoto\" href=\"https:\/\/lasocha.org\/wp-content\/uploads\/2023\/01\/lasocha_flyer_pregnancyen-1-pdf-791x1024.jpg\" data-rel=\"prettyPhoto[rel-489-2697222707]\"><img decoding=\"async\" width=\"1088\" height=\"1408\" src=\"https:\/\/lasocha.org\/wp-content\/uploads\/2023\/01\/lasocha_flyer_pregnancyen-1-pdf.jpg\" class=\"attachment-full\" alt=\"\" title=\"lasocha_flyer_embarazo\" \/><\/a><\/div><\/div><\/div><\/div>\t<div class=\"vc_empty_space\"  style=\"height: 32px\" ><span\n\t\t\tclass=\"vc_empty_space_inner\">\n\t\t\t<span class=\"empty_space_image\"  ><\/span>\n\t\t<\/span><\/div>\n\n\n\t<div class=\"wpb_text_column wpb_content_element\">\n\t\t<div class=\"wpb_wrapper\">\n\t\t\t<h2><em><a href=\"https:\/\/lasocha.org\/es\/resources-patients-and-pregnancy\/\" target=\"_blank\" rel=\"noopener\"><strong>Para obtener m\u00e1s informaci\u00f3n sobre el embarazo y la enfermedad de Chagas, haga clic en este enlace.<\/strong><\/a><\/em><\/h2>\n\n\t\t<\/div> \n\t<\/div> <\/div><\/div><\/div><\/div><\/div><div      class=\"vc_row wpb_row section vc_row-fluid  vc_custom_1599706011258\" style=' text-align:left;'><div class=\"full_section_inner clearfix\"><div class=\"wpb_column vc_column_container vc_col-sm-12\"><div class=\"vc_column-inner\"><div class=\"wpb_wrapper\"><div class=\"separator  normal\" style=\"margin-bottom: 30pxpx;background-color: #afafaf;\"><\/div>\n<\/div><\/div><\/div><\/div><\/div><div      class=\"vc_row wpb_row section vc_row-fluid\" style=' text-align:left;'><div class=\"full_section_inner clearfix\"><div class=\"wpb_column vc_column_container vc_col-sm-12\"><div class=\"vc_column-inner\"><div class=\"wpb_wrapper\">\n\t<div class=\"wpb_text_column wpb_content_element  vc_custom_1674076444568\">\n\t\t<div class=\"wpb_wrapper\">\n\t\t\t<h2>Usted no se encuentra solo, \u00fanase a la Red de Pacientes.<\/h2>\n<p><strong>Una de las metas de LASOCHA es concientizar a la comunidad en riesgo. Es importante recordar que no est\u00e1s solo. Por eso, nos gustar\u00eda que se una a nuestra red de pacientes y se mantenga conectado. Al convertirse en parte de la creciente familia LASOCHA, se le brindar\u00e1 la informaci\u00f3n m\u00e1s reciente sobre la enfermedad de Chagas en los Estados Unidos. Adem\u00e1s, puede conectarse con otros miembros de la red para intercambiar experiencias y brindar apoyo. \u00a1Luchemos juntos contra la enfermedad de Chagas!<\/strong><\/p>\n<p>&nbsp;<\/p>\n\n<div class=\"wpcf7 no-js\" id=\"wpcf7-f137-o1\" lang=\"en-US\" dir=\"ltr\" data-wpcf7-id=\"137\">\n<div class=\"screen-reader-response\"><p role=\"status\" aria-live=\"polite\" aria-atomic=\"true\"><\/p> <ul><\/ul><\/div>\n<form action=\"\/es\/wp-json\/wp\/v2\/pages\/489#wpcf7-f137-o1\" method=\"post\" class=\"wpcf7-form init cf7_custom_style_2\" aria-label=\"Formulario de contacto\" novalidate=\"novalidate\" data-status=\"init\" data-trp-original-action=\"\/es\/wp-json\/wp\/v2\/pages\/489#wpcf7-f137-o1\">\n<div style=\"display: none;\">\n<input type=\"hidden\" name=\"_wpcf7\" value=\"137\" \/>\n<input type=\"hidden\" name=\"_wpcf7_version\" value=\"6.0.6\" \/>\n<input type=\"hidden\" name=\"_wpcf7_locale\" value=\"en_US\" \/>\n<input type=\"hidden\" name=\"_wpcf7_unit_tag\" value=\"wpcf7-f137-o1\" \/>\n<input type=\"hidden\" name=\"_wpcf7_container_post\" value=\"0\" \/>\n<input type=\"hidden\" name=\"_wpcf7_posted_data_hash\" value=\"\" \/>\n<\/div>\n<p><span class=\"wpcf7-form-control-wrap\" data-name=\"text-102\"><input size=\"40\" maxlength=\"400\" class=\"wpcf7-form-control wpcf7-text wpcf7-validates-as-required\" aria-required=\"true\" aria-invalid=\"false\" placeholder=\"Nombre completo*\" value=\"\" type=\"text\" name=\"text-102\" \/><\/span><span class=\"wpcf7-form-control-wrap\" data-name=\"email-948\"><input size=\"40\" maxlength=\"400\" class=\"wpcf7-form-control wpcf7-email wpcf7-validates-as-required wpcf7-text wpcf7-validates-as-email\" aria-required=\"true\" aria-invalid=\"false\" placeholder=\"Correo electr\u00f3nico*\" value=\"\" type=\"email\" name=\"email-948\" \/><\/span><input class=\"wpcf7-form-control wpcf7-submit has-spinner\" type=\"submit\" value=\"Enviar\" \/>\n<\/p><p style=\"display: none !important;\"><label>&#916;<textarea name=\"_wpcf7_ak_hp_textarea\" cols=\"45\" rows=\"8\" maxlength=\"100\"><\/textarea><\/label><input type=\"hidden\" id=\"ak_js_1\" name=\"_wpcf7_ak_js\" value=\"228\"\/><script>document.getElementById( \"ak_js_1\" ).setAttribute( \"value\", ( new Date() ).getTime() );<\/script><\/p><input type='hidden' class='wpcf7-pum' value='{\"closepopup\":false,\"closedelay\":0,\"openpopup\":false,\"openpopup_id\":0}' \/><div class=\"wpcf7-response-output\" aria-hidden=\"true\"><\/div>\n<input type=\"hidden\" name=\"trp-form-language\" value=\"es\"\/><\/form>\n<\/div>\n\n\n\t\t<\/div> \n\t<\/div> <\/div><\/div><\/div><\/div><\/div>\n<\/div>","protected":false},"excerpt":{"rendered":"\u00bfQu\u00e9 sucede si estoy embarazada y mi prueba de Chagas result\u00f3 positiva? Para obtener m\u00e1s informaci\u00f3n sobre el embarazo y la enfermedad de Chagas, haga clic en este enlace. No est\u00e1s solo, \u00fanete a la red de pacientes. Una de las metas de LASOCHA es concientizar a la comunidad en riesgo....","protected":false},"author":6,"featured_media":0,"parent":0,"menu_order":0,"comment_status":"closed","ping_status":"closed","template":"","meta":{"footnotes":""},"class_list":["post-489","page","type-page","status-publish","hentry"],"jetpack_sharing_enabled":true,"_links":{"self":[{"href":"https:\/\/lasocha.org\/es\/wp-json\/wp\/v2\/pages\/489","targetHints":{"allow":["GET"]}}],"collection":[{"href":"https:\/\/lasocha.org\/es\/wp-json\/wp\/v2\/pages"}],"about":[{"href":"https:\/\/lasocha.org\/es\/wp-json\/wp\/v2\/types\/page"}],"author":[{"embeddable":true,"href":"https:\/\/lasocha.org\/es\/wp-json\/wp\/v2\/users\/6"}],"replies":[{"embeddable":true,"href":"https:\/\/lasocha.org\/es\/wp-json\/wp\/v2\/comments?post=489"}],"version-history":[{"count":8,"href":"https:\/\/lasocha.org\/es\/wp-json\/wp\/v2\/pages\/489\/revisions"}],"predecessor-version":[{"id":932,"href":"https:\/\/lasocha.org\/es\/wp-json\/wp\/v2\/pages\/489\/revisions\/932"}],"wp:attachment":[{"href":"https:\/\/lasocha.org\/es\/wp-json\/wp\/v2\/media?parent=489"}],"curies":[{"name":"wp","href":"https:\/\/api.w.org\/{rel}","templated":true}]}}