{"id":557,"date":"2023-02-24T08:26:21","date_gmt":"2023-02-24T13:26:21","guid":{"rendered":"https:\/\/lasocha.org\/?page_id=557"},"modified":"2025-09-14T22:04:05","modified_gmt":"2025-09-15T02:04:05","slug":"helpfullinks","status":"publish","type":"page","link":"https:\/\/lasocha.org\/es\/helpfullinks\/","title":{"rendered":"Enlaces \u00fatiles"},"content":{"rendered":"<div class=\"wpb-content-wrapper\"><div      class=\"vc_row wpb_row section vc_row-fluid  vc_custom_1600719118489\" style=' text-align:left;'><div class=\"full_section_inner clearfix\"><div class=\"wpb_column vc_column_container vc_col-sm-12\"><div class=\"vc_column-inner\"><div class=\"wpb_wrapper\"><div class=\"separator  normal\" style=\"margin-bottom: 30pxpx;background-color: #afafaf;\"><\/div>\n<\/div><\/div><\/div><\/div><\/div><div      class=\"vc_row wpb_row section vc_row-fluid\" style=' text-align:left;'><div class=\"full_section_inner clearfix\"><div class=\"wpb_column vc_column_container vc_col-sm-12\"><div class=\"vc_column-inner\"><div class=\"wpb_wrapper\">\n\t<div class=\"wpb_text_column wpb_content_element\">\n\t\t<div class=\"wpb_wrapper\">\n\t\t\t<h3>Enlaces \u00fatiles<\/h3>\n\n\t\t<\/div> \n\t<\/div> \t<div class=\"vc_empty_space\"  style=\"height: 20px\" ><span\n\t\t\tclass=\"vc_empty_space_inner\">\n\t\t\t<span class=\"empty_space_image\"  ><\/span>\n\t\t<\/span><\/div>\n\n<\/div><\/div><\/div><\/div><\/div><div      class=\"vc_row wpb_row section vc_row-fluid\" style=' text-align:left;'><div class=\"full_section_inner clearfix\"><div class=\"wpb_column vc_column_container vc_col-sm-12\"><div class=\"vc_column-inner\"><div class=\"wpb_wrapper\">\t<div class=\"vc_empty_space\"  style=\"height: 32px\" ><span\n\t\t\tclass=\"vc_empty_space_inner\">\n\t\t\t<span class=\"empty_space_image\"  ><\/span>\n\t\t<\/span><\/div>\n\n\n\t<div class=\"wpb_text_column wpb_content_element\">\n\t\t<div class=\"wpb_wrapper\">\n\t\t\t<h3>Enlaces de informaci\u00f3n CDC\/NIH\/OPS<\/h3>\n\n\t\t<\/div> \n\t<\/div> \t<div class=\"vc_empty_space\"  style=\"height: 32px\" ><span\n\t\t\tclass=\"vc_empty_space_inner\">\n\t\t\t<span class=\"empty_space_image\"  ><\/span>\n\t\t<\/span><\/div>\n\n\n\t<div class=\"wpb_text_column wpb_content_element\">\n\t\t<div class=\"wpb_wrapper\">\n\t\t\t<p><em><a href=\"https:\/\/www.cdc.gov\/parasites\/chagas\/resources\/factsheet.pdf\" target=\"_blank\" rel=\"noopener\">Hoja informativa para proveedores de los CDC: Enfermedad de Chagas<\/a><\/em><\/p>\n<p><em><a href=\"https:\/\/www.cdc.gov\/parasites\/chagas\/resources\/es\/informativa.pdf\" target=\"_blank\" rel=\"noopener\">Hoja informativa para proveedores de los CDC: Enfermedad de Chagas (espa\u00f1ol)<\/a><\/em><\/p>\n<p><em><a href=\"https:\/\/www.cdc.gov\/parasites\/chagas\/index.html\" target=\"_blank\" rel=\"noopener\">Recursos para pacientes de Chagas de los CDC<\/a><\/em><\/p>\n<p><em><a href=\"https:\/\/www.cdc.gov\/chagas\/es\/spreads\/como-se-propaga-la-enfermedad-de-chagas.html\" target=\"_blank\" rel=\"noopener\">Recursos para pacientes de Chagas de los CDC (espa\u00f1ol)<\/a><\/em><\/p>\n<p><em><a href=\"https:\/\/www.cdc.gov\/chagas\/hcp\/considerations\/index.html\" target=\"_blank\" rel=\"noopener\">CDC: Enfermedad de Chagas cong\u00e9nita<\/a><\/em><\/p>\n<p><em><a href=\"https:\/\/www.cdc.gov\/chagas\/hcp\/clinical-care\/index.html\" target=\"_blank\" rel=\"noopener\">CDC: Recursos para profesionales de la salud<\/a><\/em><\/p>\n<p><em><a href=\"https:\/\/www.cdc.gov\/chagas\/es\/hcp\/diagnosis-testing\/pruebas-y-diagnostico-clinicos-para-la-enfermedad-de-chagas.html\" target=\"_blank\" rel=\"noopener\">CDC: Recursos para profesionales de la salud (espa\u00f1ol)<\/a><\/em><\/p>\n<p><em><a href=\"https:\/\/medlineplus.gov\/chagasdisease.html\" target=\"_blank\" rel=\"noopener\">NIH: Enfermedad de Chagas<\/a><\/em><\/p>\n<p><em><a href=\"https:\/\/medlineplus.gov\/spanish\/chagasdisease.html\" target=\"_blank\" rel=\"noopener\">NIH: Enfermedad de Chagas (espa\u00f1ol)<\/a><\/em><\/p>\n<p><em><a href=\"https:\/\/www.cdc.gov\/parasites\/education_training\/education-training.html\" target=\"_blank\" rel=\"noopener\">CDC: Educaci\u00f3n y Capacitaci\u00f3n (Par\u00e1sitos)<\/a><\/em><\/p>\n<p><em><a href=\"https:\/\/www.cdc.gov\/chagas\/es\/php\/resources\/recursos-sobre-la-enfermedad-de-chagas.html\" target=\"_blank\" rel=\"noopener\">CDC: Educaci\u00f3n y Capacitaci\u00f3n (Par\u00e1sitos) (Espa\u00f1ol)<\/a><\/em><\/p>\n<p><em><a href=\"https:\/\/iris.paho.org\/bitstream\/handle\/10665.2\/49653\/9789275320433_spa.pdf?sequence=9&amp;isAllowed=y\" target=\"_blank\" rel=\"noopener\">Gu\u00eda de Diagn\u00f3stico y Tratamiento de la OPS (espa\u00f1ol)<\/a><\/em><\/p>\n<p><em><a href=\"https:\/\/iris.paho.org\/bitstream\/handle\/10665.2\/49653\/9789275120439_eng.pdf?sequence=6&amp;isAllowed=y\" target=\"_blank\" rel=\"noopener\">Gu\u00eda de Diagn\u00f3stico y Tratamiento de la OPS (ingl\u00e9s)<\/a><\/em><\/p>\n\n\t\t<\/div> \n\t<\/div> \t<div class=\"vc_empty_space\"  style=\"height: 32px\" ><span\n\t\t\tclass=\"vc_empty_space_inner\">\n\t\t\t<span class=\"empty_space_image\"  ><\/span>\n\t\t<\/span><\/div>\n\n\n\t<div class=\"wpb_text_column wpb_content_element\">\n\t\t<div class=\"wpb_wrapper\">\n\t\t\t<h3>Otros enlaces<\/h3>\n\n\t\t<\/div> \n\t<\/div> \t<div class=\"vc_empty_space\"  style=\"height: 32px\" ><span\n\t\t\tclass=\"vc_empty_space_inner\">\n\t\t\t<span class=\"empty_space_image\"  ><\/span>\n\t\t<\/span><\/div>\n\n\n\t<div class=\"wpb_text_column wpb_content_element\">\n\t\t<div class=\"wpb_wrapper\">\n\t\t\t<p><em><a href=\"http:\/\/www.benznidazoletablets.com\/en\/\" target=\"_blank\" rel=\"noopener\">Comprimidos de Beneznidazol<\/a><\/em><\/p>\n<p><em><a href=\"https:\/\/www.mundosano.org\/en\/\" target=\"_blank\" rel=\"noopener\">Mundo Sano<\/a><\/em><\/p>\n<p><em><a href=\"https:\/\/dndi.org\" target=\"_blank\" rel=\"noopener\">Iniciativa Medicamentos para Enfermedades Olvidadas (DNDi)<\/a><\/em><\/p>\n<p><em><a href=\"https:\/\/wp.uthscsa.edu\/echo\/echo-programs\/chagas-disease\/\" target=\"_blank\" rel=\"noopener\">Proyecto ECO<\/a><\/em><\/p>\n<p><em><a href=\"https:\/\/www.coalicionchagas.org\/en\/\" target=\"_blank\" rel=\"noopener\">Coalici\u00f3n Chagas<\/a><\/em><\/p>\n<p><em><a href=\"https:\/\/chagasus.org\/what-is-chagas-disease\/\" target=\"_blank\" rel=\"noopener\">El Centro de Excelencia Chagas<\/a><\/em><\/p>\n<p><em><a href=\"https:\/\/kissingbug.tamu.edu\/FAQ\/\" target=\"_blank\" rel=\"noopener\">Kissing Bug Comunidad Ciencia<\/a><\/em><\/p>\n<p class=\"x1heor9g x1qlqyl8 x1pd3egz x1a2a7pz\"><em><a href=\"https:\/\/www.facebook.com\/TexasChagasTaskforce\/\" target=\"_blank\" rel=\"noopener\">Grupo de trabajo de Texas Chagas<\/a><\/em><\/p>\n<p><em><a href=\"https:\/\/www.paho.org\/en\/topics\/chagas-disease\" target=\"_blank\" rel=\"noopener\">OPS: Enfermedad de Chagas<\/a><\/em><\/p>\n<p><em><a href=\"https:\/\/world-heart-federation.org\/wp-content\/uploads\/2021\/04\/Chagas-Disease-Infographic-WHF.pdf\" target=\"_blank\" rel=\"noopener\">Federaci\u00f3n Mundial del Coraz\u00f3n<\/a><\/em><\/p>\n<p><em><a href=\"https:\/\/lasocha.org\/wp-content\/uploads\/2024\/10\/Facts-about-Chagas-Disease-in-the-US-10-24-1.pdf\" target=\"_blank\" rel=\"noopener\">Enfermedad de Chagas en EE.UU.<\/a><\/em><\/p>\n\n\t\t<\/div> \n\t<\/div> \t<div class=\"vc_empty_space\"  style=\"height: 32px\" ><span\n\t\t\tclass=\"vc_empty_space_inner\">\n\t\t\t<span class=\"empty_space_image\"  ><\/span>\n\t\t<\/span><\/div>\n\n<div class=\"separator  normal\" style=\"margin-bottom: 30pxpx;background-color: #afafaf;\"><\/div>\n\t<div class=\"vc_empty_space\"  style=\"height: 32px\" ><span\n\t\t\tclass=\"vc_empty_space_inner\">\n\t\t\t<span class=\"empty_space_image\"  ><\/span>\n\t\t<\/span><\/div>\n\n\t<div class=\"vc_empty_space\"  style=\"height: 32px\" ><span\n\t\t\tclass=\"vc_empty_space_inner\">\n\t\t\t<span class=\"empty_space_image\"  ><\/span>\n\t\t<\/span><\/div>\n\n\n\t<div class=\"wpb_text_column wpb_content_element\">\n\t\t<div class=\"wpb_wrapper\">\n\t\t\t<h3><em><strong><a href=\"https:\/\/lasocha.org\/es\/resources-patients-and-pregnancy\/\" target=\"_blank\" rel=\"noopener\">Haga clic aqu\u00ed para ver nuestros recursos de embarazo para pacientes.<\/a><\/strong><\/em><\/h3>\n\n\t\t<\/div> \n\t<\/div> \t<div class=\"vc_empty_space\"  style=\"height: 32px\" ><span\n\t\t\tclass=\"vc_empty_space_inner\">\n\t\t\t<span class=\"empty_space_image\"  ><\/span>\n\t\t<\/span><\/div>\n\n\t<div class=\"vc_empty_space\"  style=\"height: 32px\" ><span\n\t\t\tclass=\"vc_empty_space_inner\">\n\t\t\t<span class=\"empty_space_image\"  ><\/span>\n\t\t<\/span><\/div>\n\n<div class=\"separator  normal\" style=\"margin-bottom: 30pxpx;background-color: #afafaf;\"><\/div>\n<\/div><\/div><\/div><\/div><\/div><div      class=\"vc_row wpb_row section vc_row-fluid\" style=' text-align:left;'><div class=\"full_section_inner clearfix\"><div class=\"wpb_column vc_column_container vc_col-sm-12\"><div class=\"vc_column-inner\"><div class=\"wpb_wrapper\">\n\t<div class=\"wpb_text_column wpb_content_element\">\n\t\t<div class=\"wpb_wrapper\">\n\t\t\t<h3>Folleto de informaci\u00f3n para el paciente<\/h3>\n<h5>(Haga clic en las im\u00e1genes para abrir enlaces imprimibles)<\/h5>\n\n\t\t<\/div> \n\t<\/div> \t<div class=\"vc_empty_space\"  style=\"height: 16px\" ><span\n\t\t\tclass=\"vc_empty_space_inner\">\n\t\t\t<span class=\"empty_space_image\"  ><\/span>\n\t\t<\/span><\/div>\n\n<\/div><\/div><\/div><\/div><\/div><div      class=\"vc_row wpb_row section vc_row-fluid\" style=' text-align:left;'><div class=\"full_section_inner clearfix\"><div class=\"wpb_column vc_column_container vc_col-sm-6\"><div class=\"vc_column-inner\"><div class=\"wpb_wrapper\">\t<div class=\"vc_empty_space\"  style=\"height: 32px\" ><span\n\t\t\tclass=\"vc_empty_space_inner\">\n\t\t\t<span class=\"empty_space_image\"  ><\/span>\n\t\t<\/span><\/div>\n\n\n\t<div class=\"wpb_single_image wpb_content_element vc_align_left\">\n\t\t<div class=\"wpb_wrapper\">\n\t\t\t\n\t\t\t<a href=\"https:\/\/lasocha.org\/wp-content\/uploads\/2024\/10\/Chagas1final10-24-scaled.jpg\" target=\"_blank\"><div class=\"vc_single_image-wrapper   vc_box_border_grey\"><img fetchpriority=\"high\" decoding=\"async\" width=\"300\" height=\"233\" src=\"https:\/\/lasocha.org\/wp-content\/uploads\/2024\/10\/Chagas1final10-24-300x233.jpg\" class=\"vc_single_image-img attachment-medium\" alt=\"\" title=\"Chagas1final10-24\" srcset=\"https:\/\/lasocha.org\/wp-content\/uploads\/2024\/10\/Chagas1final10-24-300x233.jpg 300w, https:\/\/lasocha.org\/wp-content\/uploads\/2024\/10\/Chagas1final10-24-1024x796.jpg 1024w, https:\/\/lasocha.org\/wp-content\/uploads\/2024\/10\/Chagas1final10-24-768x597.jpg 768w, https:\/\/lasocha.org\/wp-content\/uploads\/2024\/10\/Chagas1final10-24-1536x1195.jpg 1536w, https:\/\/lasocha.org\/wp-content\/uploads\/2024\/10\/Chagas1final10-24-2048x1593.jpg 2048w, https:\/\/lasocha.org\/wp-content\/uploads\/2024\/10\/Chagas1final10-24-15x12.jpg 15w, https:\/\/lasocha.org\/wp-content\/uploads\/2024\/10\/Chagas1final10-24-700x544.jpg 700w\" sizes=\"(max-width: 300px) 100vw, 300px\" \/><\/div><\/a>\n\t\t<\/div>\n\t<\/div>\n\t<div class=\"vc_empty_space\"  style=\"height: 32px\" ><span\n\t\t\tclass=\"vc_empty_space_inner\">\n\t\t\t<span class=\"empty_space_image\"  ><\/span>\n\t\t<\/span><\/div>\n\n<\/div><\/div><\/div><div class=\"wpb_column vc_column_container vc_col-sm-6\"><div class=\"vc_column-inner\"><div class=\"wpb_wrapper\">\t<div class=\"vc_empty_space\"  style=\"height: 32px\" ><span\n\t\t\tclass=\"vc_empty_space_inner\">\n\t\t\t<span class=\"empty_space_image\"  ><\/span>\n\t\t<\/span><\/div>\n\n\n\t<div class=\"wpb_single_image wpb_content_element vc_align_left\">\n\t\t<div class=\"wpb_wrapper\">\n\t\t\t\n\t\t\t<a href=\"https:\/\/lasocha.org\/wp-content\/uploads\/2024\/10\/Chagas2final10-24-scaled.jpg\" target=\"_blank\"><div class=\"vc_single_image-wrapper   vc_box_border_grey\"><img decoding=\"async\" width=\"300\" height=\"233\" src=\"https:\/\/lasocha.org\/wp-content\/uploads\/2024\/10\/Chagas2final10-24-300x233.jpg\" class=\"vc_single_image-img attachment-medium\" alt=\"\" title=\"Chagas2final10-24\" srcset=\"https:\/\/lasocha.org\/wp-content\/uploads\/2024\/10\/Chagas2final10-24-300x233.jpg 300w, https:\/\/lasocha.org\/wp-content\/uploads\/2024\/10\/Chagas2final10-24-1024x796.jpg 1024w, https:\/\/lasocha.org\/wp-content\/uploads\/2024\/10\/Chagas2final10-24-768x597.jpg 768w, https:\/\/lasocha.org\/wp-content\/uploads\/2024\/10\/Chagas2final10-24-1536x1195.jpg 1536w, https:\/\/lasocha.org\/wp-content\/uploads\/2024\/10\/Chagas2final10-24-2048x1593.jpg 2048w, https:\/\/lasocha.org\/wp-content\/uploads\/2024\/10\/Chagas2final10-24-15x12.jpg 15w, https:\/\/lasocha.org\/wp-content\/uploads\/2024\/10\/Chagas2final10-24-700x544.jpg 700w\" sizes=\"(max-width: 300px) 100vw, 300px\" \/><\/div><\/a>\n\t\t<\/div>\n\t<\/div>\n\t<div class=\"vc_empty_space\"  style=\"height: 32px\" ><span\n\t\t\tclass=\"vc_empty_space_inner\">\n\t\t\t<span class=\"empty_space_image\"  ><\/span>\n\t\t<\/span><\/div>\n\n<\/div><\/div><\/div><\/div><\/div><div      class=\"vc_row wpb_row section vc_row-fluid\" style=' text-align:left;'><div class=\"full_section_inner clearfix\"><div class=\"wpb_column vc_column_container vc_col-sm-12\"><div class=\"vc_column-inner\"><div class=\"wpb_wrapper\"><div class=\"separator  normal\" style=\"margin-bottom: 30pxpx;background-color: #afafaf;\"><\/div>\n\n\t<div class=\"wpb_text_column wpb_content_element\">\n\t\t<div class=\"wpb_wrapper\">\n\t\t\t<h3>Red de Chagas de EE. UU.<\/h3>\n\n\t\t<\/div> \n\t<\/div> \t<div class=\"vc_empty_space\"  style=\"height: 10px\" ><span\n\t\t\tclass=\"vc_empty_space_inner\">\n\t\t\t<span class=\"empty_space_image\"  ><\/span>\n\t\t<\/span><\/div>\n\n\n\t<div class=\"wpb_text_column wpb_content_element  vc_custom_1728378732405\">\n\t\t<div class=\"wpb_wrapper\">\n\t\t\t<p><strong>Si desea unirse a la red de m\u00e9dicos de Chagas en EE. UU., consulte la <em><a href=\"https:\/\/uschagasnetwork.org\">Sitio web de la Red de Chagas de EE. UU.<\/a><\/em>.<\/strong><\/p>\n<p><strong>Formar parte de la red de Chagas de EE. UU. Lo ayudar\u00e1 a actualizarse con la informaci\u00f3n m\u00e1s reciente sobre Chagas en los Estados Unidos.<\/strong><\/p>\n\n\t\t<\/div> \n\t<\/div> \t<div class=\"vc_empty_space\"  style=\"height: 32px\" ><span\n\t\t\tclass=\"vc_empty_space_inner\">\n\t\t\t<span class=\"empty_space_image\"  ><\/span>\n\t\t<\/span><\/div>\n\n<\/div><\/div><\/div><\/div><\/div><div      class=\"vc_row wpb_row section vc_row-fluid\" style=' text-align:left;'><div class=\"full_section_inner clearfix\"><div class=\"wpb_column vc_column_container vc_col-sm-12\"><div class=\"vc_column-inner\"><div class=\"wpb_wrapper\"><\/div><\/div><\/div><\/div><\/div>\n<\/div>","protected":false},"excerpt":{"rendered":"Helpful Links CDC\/NIH\/PAHO Information Links CDC Provider Fact Sheet: Chagas Disease CDC Provider Fact Sheet: Chagas Disease (Spanish) CDC Chagas Patient Resources CDC Chagas Patient Resources (Spanish) CDC: Congenital Chagas Disease CDC: Resources for Health Professionals CDC: Resources for Health Professionals (Spanish) NIH: Chagas Disease...","protected":false},"author":7,"featured_media":0,"parent":0,"menu_order":0,"comment_status":"closed","ping_status":"closed","template":"","meta":{"footnotes":""},"class_list":["post-557","page","type-page","status-publish","hentry"],"jetpack_sharing_enabled":true,"_links":{"self":[{"href":"https:\/\/lasocha.org\/es\/wp-json\/wp\/v2\/pages\/557","targetHints":{"allow":["GET"]}}],"collection":[{"href":"https:\/\/lasocha.org\/es\/wp-json\/wp\/v2\/pages"}],"about":[{"href":"https:\/\/lasocha.org\/es\/wp-json\/wp\/v2\/types\/page"}],"author":[{"embeddable":true,"href":"https:\/\/lasocha.org\/es\/wp-json\/wp\/v2\/users\/7"}],"replies":[{"embeddable":true,"href":"https:\/\/lasocha.org\/es\/wp-json\/wp\/v2\/comments?post=557"}],"version-history":[{"count":34,"href":"https:\/\/lasocha.org\/es\/wp-json\/wp\/v2\/pages\/557\/revisions"}],"predecessor-version":[{"id":1041,"href":"https:\/\/lasocha.org\/es\/wp-json\/wp\/v2\/pages\/557\/revisions\/1041"}],"wp:attachment":[{"href":"https:\/\/lasocha.org\/es\/wp-json\/wp\/v2\/media?parent=557"}],"curies":[{"name":"wp","href":"https:\/\/api.w.org\/{rel}","templated":true}]}}