{"id":757,"date":"2024-01-09T10:47:37","date_gmt":"2024-01-09T15:47:37","guid":{"rendered":"https:\/\/lasocha.org\/?page_id=757"},"modified":"2024-10-08T05:22:15","modified_gmt":"2024-10-08T09:22:15","slug":"get-involved-2","status":"publish","type":"page","link":"https:\/\/lasocha.org\/es\/get-involved-2\/","title":{"rendered":"Involucrarse"},"content":{"rendered":"<div class=\"wpb-content-wrapper\"><div      class=\"vc_row wpb_row section vc_row-fluid  vc_custom_1599706011258\" style=' text-align:left;'><div class=\"full_section_inner clearfix\"><div class=\"wpb_column vc_column_container vc_col-sm-12\"><div class=\"vc_column-inner\"><div class=\"wpb_wrapper\">\n\t<div class=\"wpb_text_column wpb_content_element\">\n\t\t<div class=\"wpb_wrapper\">\n\t\t\t<h3>Involucrarse<\/h3>\n\n\t\t<\/div> \n\t<\/div> <div class=\"separator  normal\" style=\"margin-bottom: 30pxpx;background-color: #afafaf;\"><\/div>\n<\/div><\/div><\/div><\/div><\/div><div      class=\"vc_row wpb_row section vc_row-fluid  vc_custom_1599706011258\" style=' text-align:left;'><div class=\"full_section_inner clearfix\"><div class=\"wpb_column vc_column_container vc_col-sm-12\"><div class=\"vc_column-inner\"><div class=\"wpb_wrapper\">\n\t<div class=\"wpb_text_column wpb_content_element\">\n\t\t<div class=\"wpb_wrapper\">\n\t\t\t<h2><a href=\"https:\/\/www.zeffy.com\/en-US\/donation-form\/3fdc6297-c733-4d8c-9b22-e85187a44e96\" target=\"_blank\" rel=\"noopener\"><em>Dona para ayudar a combatir la enfermedad de Chagas<\/em><\/a><\/h2>\n\n\t\t<\/div> \n\t<\/div> <div class=\"separator  normal\" style=\"margin-bottom: 30pxpx;background-color: #afafaf;\"><\/div>\n<\/div><\/div><\/div><\/div><\/div><div      class=\"vc_row wpb_row section vc_row-fluid  grid_section\" style=' text-align:center;'><div class=\"section_inner clearfix\"><div class='section_inner_margin clearfix'><div class=\"wpb_column vc_column_container vc_col-sm-6 vc_col-has-fill\"><div class=\"vc_column-inner vc_custom_1708783890087\"><div class=\"wpb_wrapper\">\n\t<div class=\"wpb_text_column wpb_content_element\">\n\t\t<div class=\"wpb_wrapper\">\n\t\t\t<h4>\u00bfLe gustar\u00eda ser voluntario?<\/h4>\n\n\t\t<\/div> \n\t<\/div> \t<div class=\"vc_empty_space\"  style=\"height: 32px\" ><span\n\t\t\tclass=\"vc_empty_space_inner\">\n\t\t\t<span class=\"empty_space_image\"  ><\/span>\n\t\t<\/span><\/div>\n\n<a  itemprop=\"url\" href=\"\/es\/about-us\/#volunteer\" target=\"_self\" data-hover-background-color='#333333' data-hover-color='#f5f5f1' class=\"qbutton  default\" style=\"color: #333333; border-color: #333333; background-color: #7ad7ff;\">\u00daNASE AL EQUIPO<\/a><\/div><\/div><\/div><div class=\"wpb_column vc_column_container vc_col-sm-6 vc_col-has-fill\"><div class=\"vc_column-inner vc_custom_1708783993564\"><div class=\"wpb_wrapper\">\n\t<div class=\"wpb_text_column wpb_content_element\">\n\t\t<div class=\"wpb_wrapper\">\n\t\t\t<h4>\u00danase a la Red de Pacientes<\/h4>\n\n\t\t<\/div> \n\t<\/div> \t<div class=\"vc_empty_space\"  style=\"height: 32px\" ><span\n\t\t\tclass=\"vc_empty_space_inner\">\n\t\t\t<span class=\"empty_space_image\"  ><\/span>\n\t\t<\/span><\/div>\n\n<a  itemprop=\"url\" href=\"https:\/\/lasocha.org\/es\/information-for-patients\/\" target=\"_self\" data-hover-background-color='#333333' data-hover-color='#f5f5f1' class=\"qbutton  default\" style=\"color: #333333; border-color: #333333; background-color: #7bdcb5;\">\u00danase a la Red<\/a><\/div><\/div><\/div><\/div><\/div><\/div><div      class=\"vc_row wpb_row section vc_row-fluid  grid_section\" style=' text-align:center;'><div class=\"section_inner clearfix\"><div class='section_inner_margin clearfix'><div class=\"wpb_column vc_column_container vc_col-sm-6 vc_col-has-fill\"><div class=\"vc_column-inner vc_custom_1708783717503\"><div class=\"wpb_wrapper\">\n\t<div class=\"wpb_text_column wpb_content_element\">\n\t\t<div class=\"wpb_wrapper\">\n\t\t\t<h4>Ay\u00fadenos a combatir la enfermedad de Chagas<\/h4>\n\n\t\t<\/div> \n\t<\/div> \t<div class=\"vc_empty_space\"  style=\"height: 32px\" ><span\n\t\t\tclass=\"vc_empty_space_inner\">\n\t\t\t<span class=\"empty_space_image\"  ><\/span>\n\t\t<\/span><\/div>\n\n<a  itemprop=\"url\" href=\"https:\/\/www.zeffy.com\/en-US\/donation-form\/3fdc6297-c733-4d8c-9b22-e85187a44e96\" target=\"_self\" data-hover-background-color='#333333' data-hover-color='#f5f5f1' class=\"qbutton  default\" style=\"color: #333333; border-color: #333333; background-color: #7ad7ff;\">DONAR<\/a><\/div><\/div><\/div><div class=\"wpb_column vc_column_container vc_col-sm-6 vc_col-has-fill\"><div class=\"vc_column-inner vc_custom_1708784012407\"><div class=\"wpb_wrapper\">\n\t<div class=\"wpb_text_column wpb_content_element\">\n\t\t<div class=\"wpb_wrapper\">\n\t\t\t<h4>\u00danase a la Red de M\u00e9dicos<\/h4>\n\n\t\t<\/div> \n\t<\/div> \t<div class=\"vc_empty_space\"  style=\"height: 32px\" ><span\n\t\t\tclass=\"vc_empty_space_inner\">\n\t\t\t<span class=\"empty_space_image\"  ><\/span>\n\t\t<\/span><\/div>\n\n<a  itemprop=\"url\" href=\"https:\/\/uschagasnetwork.org\" target=\"_self\" data-hover-background-color='#333333' data-hover-color='#f5f5f1' class=\"qbutton  default\" style=\"color: #333333; border-color: #333333; background-color: #7bdcb5;\">\u00danase a la Red<\/a><\/div><\/div><\/div><\/div><\/div><\/div><div      class=\"vc_row wpb_row section vc_row-fluid\" style=' text-align:left;'><div class=\"full_section_inner clearfix\"><div class=\"wpb_column vc_column_container vc_col-sm-12\"><div class=\"vc_column-inner\"><div class=\"wpb_wrapper\">\t<div class=\"vc_empty_space\"  style=\"height: 32px\" ><span\n\t\t\tclass=\"vc_empty_space_inner\">\n\t\t\t<span class=\"empty_space_image\"  ><\/span>\n\t\t<\/span><\/div>\n\n\t<div class=\"vc_empty_space\"  style=\"height: 32px\" ><span\n\t\t\tclass=\"vc_empty_space_inner\">\n\t\t\t<span class=\"empty_space_image\"  ><\/span>\n\t\t<\/span><\/div>\n\n<div class=\"separator  normal\" style=\"margin-bottom: 30pxpx;background-color: #afafaf;\"><\/div>\n\n\t<div class=\"wpb_text_column wpb_content_element\">\n\t\t<div class=\"wpb_wrapper\">\n\t\t\t<h2><a href=\"https:\/\/lasocha.org\/es\/annualreports\/\" target=\"_blank\" rel=\"noopener\"><em>Informes de impacto de LASOCHA<\/em><\/a><\/h2>\n\n\t\t<\/div> \n\t<\/div> \t<div class=\"vc_empty_space\"  style=\"height: 32px\" ><span\n\t\t\tclass=\"vc_empty_space_inner\">\n\t\t\t<span class=\"empty_space_image\"  ><\/span>\n\t\t<\/span><\/div>\n\n\t<div class=\"vc_empty_space\"  style=\"height: 32px\" ><span\n\t\t\tclass=\"vc_empty_space_inner\">\n\t\t\t<span class=\"empty_space_image\"  ><\/span>\n\t\t<\/span><\/div>\n\n<\/div><\/div><\/div><\/div><\/div>\n<\/div>","protected":false},"excerpt":{"rendered":"Invol\u00facrate Dona para ayudar a combatir la enfermedad de Chagas \u00bfQuieres ser voluntario? \u00daNETE AL EQUIPO \u00danete a la Red de Pacientes \u00daNETE A LA RED Ay\u00fadanos a combatir la enfermedad de Chagas DONAR \u00danete a la Red de M\u00e9dicos \u00daNETE A LA RED Informes de impacto de LASOCHA","protected":false},"author":7,"featured_media":0,"parent":0,"menu_order":0,"comment_status":"closed","ping_status":"closed","template":"","meta":{"footnotes":""},"class_list":["post-757","page","type-page","status-publish","hentry"],"jetpack_sharing_enabled":true,"_links":{"self":[{"href":"https:\/\/lasocha.org\/es\/wp-json\/wp\/v2\/pages\/757","targetHints":{"allow":["GET"]}}],"collection":[{"href":"https:\/\/lasocha.org\/es\/wp-json\/wp\/v2\/pages"}],"about":[{"href":"https:\/\/lasocha.org\/es\/wp-json\/wp\/v2\/types\/page"}],"author":[{"embeddable":true,"href":"https:\/\/lasocha.org\/es\/wp-json\/wp\/v2\/users\/7"}],"replies":[{"embeddable":true,"href":"https:\/\/lasocha.org\/es\/wp-json\/wp\/v2\/comments?post=757"}],"version-history":[{"count":15,"href":"https:\/\/lasocha.org\/es\/wp-json\/wp\/v2\/pages\/757\/revisions"}],"predecessor-version":[{"id":955,"href":"https:\/\/lasocha.org\/es\/wp-json\/wp\/v2\/pages\/757\/revisions\/955"}],"wp:attachment":[{"href":"https:\/\/lasocha.org\/es\/wp-json\/wp\/v2\/media?parent=757"}],"curies":[{"name":"wp","href":"https:\/\/api.w.org\/{rel}","templated":true}]}}